{"id":168,"date":"2013-11-13T09:13:52","date_gmt":"2013-11-13T09:13:52","guid":{"rendered":"http:\/\/www.ocova.eu\/?page_id=168"},"modified":"2019-12-19T11:30:39","modified_gmt":"2019-12-19T10:30:39","slug":"il-progetto","status":"publish","type":"page","link":"https:\/\/www.ocova.eu\/it\/il-progetto\/","title":{"rendered":"Il progetto"},"content":{"rendered":"<p><a style=\"text-align: justify; line-height: 1.5em;\" href=\"#\"><img loading=\"lazy\" decoding=\"async\" class=\"alignleft wp-image-128\" src=\"http:\/\/www.ocova.eu\/wp-content\/uploads\/2013\/11\/LogoOCOVA_squared-300x265.png\" alt=\"LogoOCOVA_squared\" width=\"270\" height=\"239\" srcset=\"https:\/\/www.ocova.eu\/wp-content\/uploads\/2013\/11\/LogoOCOVA_squared-300x265.png 300w, https:\/\/www.ocova.eu\/wp-content\/uploads\/2013\/11\/LogoOCOVA_squared.png 365w\" sizes=\"auto, (max-width: 270px) 100vw, 270px\" \/><\/a><\/p>\n<p style=\"text-align: justify;\"><strong>OCOVA AlpMedNet<\/strong> (<strong>O<\/strong>ggetti <strong>CO<\/strong>municanti e <strong>VA<\/strong>lorizzazione <strong>ALP<\/strong>i-<strong>MED<\/strong>iterraneo <strong>NET<\/strong>work) \u00e8 un progetto europeo innovativo per l\u2019area Alpi-Mediterraneo: Hautes-Alpes, Piemonte e Liguria.<\/p>\n<p style=\"text-align: justify;\">Il Progetto ha l\u2019obiettivo il creare valore aggiunto per la Regione Alpi-Mediterraneo, favorendo lo sviluppo dell&#8217;innovazione, il partenariato tra gli attori, la messa in relazione dei bisogni degli utilizzatori, delle amministrazioni e dei singoli utenti con le offerte degli sviluppatori di soluzioni ICT basate su oggetti comunicanti e servizi mobile. Si vogliono promuovere servizi legati alle Tecnologie dell\u2019Informazione e della Comunicazione orientati al consumatore finale, sostenendo e promuovendo le imprese innovative italiane e francesi dei tre territori dell\u2019area Alpi-Mediterraneo.<\/p>\n<p style=\"text-align: justify;\">Le tematiche sulle quali operano in modo prioritario imprese e amministrazioni partecipanti al Progetto OCOVA sono: lo sviluppo delle <b>potenzialit\u00e0 turistiche e del patrimonio culturale <\/b>attraverso nuovi mezzi di comunicazione (come realt\u00e0 aumentata, realt\u00e0 virtuale, applicazioni multimediali e mobile, internet mobile e social network), dei <b>servizi alle persone e alle amministrazioni<\/b>, per rafforzare il legame tra la PA e gli abitanti, il <b>monitoraggio e la gestione ambientale <\/b>di acqua, energia, rifiuti, rischi naturali e industriali con tecnologie come RFID, reti di sensori, applicazioni di misura remote e machine to machine, le <b>nuove modalit\u00e0 di trasporto e di infomobilit\u00e0<\/b> (trasporto pubblico, car pooling \u2026)<b>.<\/b><\/p>\n<hr style=\"border: 1px solid orange;\" \/>\n<p>OCOVA AlpMedNet mira a creare una rete sinergica tra le eccellenze specifiche delle tre macroregioni interessate:<br \/>\n&#8211; <strong>Hautes-Alpes<\/strong>, con le attivit\u00e0 dei poli SCS (Solutions Communicantes S\u00e9curis\u00e9es) e Minalogic. SCS PACA lavora, infatti, negli ambiti microelettronica, telecomunicazioni, software e multimedia. Rhone-Alpes \u00e8 invece specializzata nel Minalogic (micro-nano tecnologie).<br \/>\n&#8211; <strong>Piemonte<\/strong>, con l\u2019eccellenza del Distretto Tecnologico Piemontese in ambito ICT e di Torino Wireless.<br \/>\n&#8211; <strong>Liguria<\/strong>, grazie all\u2019apporto di competenze dell\u2019Universit\u00e0 degli Studi di Genova, con il cluster SIIT (Sistemi Intelligenti Integrati Tecnologie: ICT e automazione).<\/p>\n<hr style=\"border: 1px solid orange;\" \/>\n<p>Per raggiungere i suoi obiettivi, il Progetto OCOVA si avvale di quattro strumenti chiave:<br \/>\n&#8211; <strong>3 forum annuali<\/strong> nelle Hautes-Alpes, in Piemonte e in Liguria, che riuniscono la grande industria, le PMI innovative, i laboratori di ricerca, gli Enti Pubblici, le scuole e gli utenti finali attorno alle evoluzioni dei servizi, dei mercati e delle tecnologie.<br \/>\n&#8211; <strong>Uno spazio<\/strong> di dimostrazione, di scambio e di formazione per fare conoscere e promuovere i servizi digitali, le applicazioni internet e mobili e i loro utilizzi.<br \/>\n&#8211; Una <strong>piattaforma B2B<\/strong> per mettere in relazione gli attori, facilitare le collaborazioni e il trasferimento ricerca\/tecnologia.<br \/>\n&#8211; Sviluppi di <strong>progetti pilota<\/strong> sui territori.<\/p>\n<hr style=\"border: 1px solid orange;\" \/>\n<p>I Forum sono il momento clou del progetto poich\u00e9 permettono di offrirne massima visibilit\u00e0, di fare il punto sullo stato dell\u2019arte e di includere sempre nuove realt\u00e0. Inoltre, \u00e8 il momento in cui le progettualit\u00e0 vengono presentate anche ai cittadini, rendendoli consapevoli delle eccellenze territoriali a loro disposizione. Con i Living Lab, spazi a disposizione delle aziende per presentare i progetti innovativi in sviluppo, e i momenti di Networking in cui chiunque abbia un\u2019idea innovativa pu\u00f2 presentarsi alle aziende OCOVA, il Progetto offre opportunit\u00e0 reali alla crescita e all\u2019occupazione. Infine, tutte le azioni e i momenti salienti del Forum vengono messi online a disposizione permanente dei soggetti coinvolti.<\/p>\n","protected":false},"excerpt":{"rendered":"<p>OCOVA AlpMedNet (Oggetti COmunicanti e VAlorizzazione ALPi-MEDiterraneo NETwork) \u00e8 un progetto europeo innovativo per l\u2019area Alpi-Mediterraneo: Hautes-Alpes, Piemonte e Liguria. Il Progetto ha l\u2019obiettivo il creare valore aggiunto per la Regione Alpi-Mediterraneo, favorendo lo sviluppo dell&#8217;innovazione, il partenariato tra gli attori, la messa in relazione dei bisogni degli utilizzatori, delle amministrazioni e dei singoli utenti [&hellip;]<\/p>\n","protected":false},"author":3,"featured_media":0,"parent":0,"menu_order":0,"comment_status":"closed","ping_status":"closed","template":"","meta":{"_et_pb_use_builder":"","_et_pb_old_content":"","_et_gb_content_width":"","footnotes":""},"class_list":["post-168","page","type-page","status-publish","hentry"],"yoast_head":"<!-- This site is optimized with the Yoast SEO plugin v27.0 - https:\/\/yoast.com\/product\/yoast-seo-wordpress\/ -->\n<title>Il progetto - Forum OCOVA<\/title>\n<meta name=\"robots\" content=\"index, follow, max-snippet:-1, max-image-preview:large, max-video-preview:-1\" \/>\n<link rel=\"canonical\" href=\"https:\/\/www.ocova.eu\/it\/il-progetto\/\" \/>\n<meta property=\"og:locale\" content=\"it_IT\" \/>\n<meta property=\"og:type\" content=\"article\" \/>\n<meta property=\"og:title\" content=\"Il progetto - Forum OCOVA\" \/>\n<meta property=\"og:description\" content=\"OCOVA AlpMedNet (Oggetti COmunicanti e VAlorizzazione ALPi-MEDiterraneo NETwork) \u00e8 un progetto europeo innovativo per l\u2019area Alpi-Mediterraneo: Hautes-Alpes, Piemonte e Liguria. Il Progetto ha l\u2019obiettivo il creare valore aggiunto per la Regione Alpi-Mediterraneo, favorendo lo sviluppo dell&#8217;innovazione, il partenariato tra gli attori, la messa in relazione dei bisogni degli utilizzatori, delle amministrazioni e dei singoli utenti [&hellip;]\" \/>\n<meta property=\"og:url\" content=\"https:\/\/www.ocova.eu\/it\/il-progetto\/\" \/>\n<meta property=\"og:site_name\" content=\"Forum OCOVA\" \/>\n<meta property=\"article:modified_time\" content=\"2019-12-19T10:30:39+00:00\" \/>\n<meta property=\"og:image\" content=\"http:\/\/www.ocova.eu\/wp-content\/uploads\/2013\/11\/LogoOCOVA_squared-300x265.png\" \/>\n<meta name=\"twitter:card\" content=\"summary_large_image\" \/>\n<meta name=\"twitter:label1\" content=\"Tempo di lettura stimato\" \/>\n\t<meta name=\"twitter:data1\" content=\"3 minuti\" \/>\n<script type=\"application\/ld+json\" class=\"yoast-schema-graph\">{\"@context\":\"https:\/\/schema.org\",\"@graph\":[{\"@type\":\"WebPage\",\"@id\":\"https:\/\/www.ocova.eu\/it\/il-progetto\/\",\"url\":\"https:\/\/www.ocova.eu\/it\/il-progetto\/\",\"name\":\"Il progetto - Forum OCOVA\",\"isPartOf\":{\"@id\":\"https:\/\/www.ocova.eu\/#website\"},\"primaryImageOfPage\":{\"@id\":\"https:\/\/www.ocova.eu\/it\/il-progetto\/#primaryimage\"},\"image\":{\"@id\":\"https:\/\/www.ocova.eu\/it\/il-progetto\/#primaryimage\"},\"thumbnailUrl\":\"http:\/\/www.ocova.eu\/wp-content\/uploads\/2013\/11\/LogoOCOVA_squared-300x265.png\",\"datePublished\":\"2013-11-13T09:13:52+00:00\",\"dateModified\":\"2019-12-19T10:30:39+00:00\",\"breadcrumb\":{\"@id\":\"https:\/\/www.ocova.eu\/it\/il-progetto\/#breadcrumb\"},\"inLanguage\":\"it-IT\",\"potentialAction\":[{\"@type\":\"ReadAction\",\"target\":[\"https:\/\/www.ocova.eu\/it\/il-progetto\/\"]}]},{\"@type\":\"ImageObject\",\"inLanguage\":\"it-IT\",\"@id\":\"https:\/\/www.ocova.eu\/it\/il-progetto\/#primaryimage\",\"url\":\"http:\/\/www.ocova.eu\/wp-content\/uploads\/2013\/11\/LogoOCOVA_squared-300x265.png\",\"contentUrl\":\"http:\/\/www.ocova.eu\/wp-content\/uploads\/2013\/11\/LogoOCOVA_squared-300x265.png\"},{\"@type\":\"BreadcrumbList\",\"@id\":\"https:\/\/www.ocova.eu\/it\/il-progetto\/#breadcrumb\",\"itemListElement\":[{\"@type\":\"ListItem\",\"position\":1,\"name\":\"Accueil\",\"item\":\"https:\/\/www.ocova.eu\/en\/\"},{\"@type\":\"ListItem\",\"position\":2,\"name\":\"Il progetto\"}]},{\"@type\":\"WebSite\",\"@id\":\"https:\/\/www.ocova.eu\/#website\",\"url\":\"https:\/\/www.ocova.eu\/\",\"name\":\"Forum OCOVA\",\"description\":\"Smart Mountain for tomorrow\",\"potentialAction\":[{\"@type\":\"SearchAction\",\"target\":{\"@type\":\"EntryPoint\",\"urlTemplate\":\"https:\/\/www.ocova.eu\/?s={search_term_string}\"},\"query-input\":{\"@type\":\"PropertyValueSpecification\",\"valueRequired\":true,\"valueName\":\"search_term_string\"}}],\"inLanguage\":\"it-IT\"}]}<\/script>\n<!-- \/ Yoast SEO plugin. -->","yoast_head_json":{"title":"Il progetto - Forum OCOVA","robots":{"index":"index","follow":"follow","max-snippet":"max-snippet:-1","max-image-preview":"max-image-preview:large","max-video-preview":"max-video-preview:-1"},"canonical":"https:\/\/www.ocova.eu\/it\/il-progetto\/","og_locale":"it_IT","og_type":"article","og_title":"Il progetto - Forum OCOVA","og_description":"OCOVA AlpMedNet (Oggetti COmunicanti e VAlorizzazione ALPi-MEDiterraneo NETwork) \u00e8 un progetto europeo innovativo per l\u2019area Alpi-Mediterraneo: Hautes-Alpes, Piemonte e Liguria. Il Progetto ha l\u2019obiettivo il creare valore aggiunto per la Regione Alpi-Mediterraneo, favorendo lo sviluppo dell&#8217;innovazione, il partenariato tra gli attori, la messa in relazione dei bisogni degli utilizzatori, delle amministrazioni e dei singoli utenti [&hellip;]","og_url":"https:\/\/www.ocova.eu\/it\/il-progetto\/","og_site_name":"Forum OCOVA","article_modified_time":"2019-12-19T10:30:39+00:00","og_image":[{"url":"http:\/\/www.ocova.eu\/wp-content\/uploads\/2013\/11\/LogoOCOVA_squared-300x265.png","type":"","width":"","height":""}],"twitter_card":"summary_large_image","twitter_misc":{"Tempo di lettura stimato":"3 minuti"},"schema":{"@context":"https:\/\/schema.org","@graph":[{"@type":"WebPage","@id":"https:\/\/www.ocova.eu\/it\/il-progetto\/","url":"https:\/\/www.ocova.eu\/it\/il-progetto\/","name":"Il progetto - Forum OCOVA","isPartOf":{"@id":"https:\/\/www.ocova.eu\/#website"},"primaryImageOfPage":{"@id":"https:\/\/www.ocova.eu\/it\/il-progetto\/#primaryimage"},"image":{"@id":"https:\/\/www.ocova.eu\/it\/il-progetto\/#primaryimage"},"thumbnailUrl":"http:\/\/www.ocova.eu\/wp-content\/uploads\/2013\/11\/LogoOCOVA_squared-300x265.png","datePublished":"2013-11-13T09:13:52+00:00","dateModified":"2019-12-19T10:30:39+00:00","breadcrumb":{"@id":"https:\/\/www.ocova.eu\/it\/il-progetto\/#breadcrumb"},"inLanguage":"it-IT","potentialAction":[{"@type":"ReadAction","target":["https:\/\/www.ocova.eu\/it\/il-progetto\/"]}]},{"@type":"ImageObject","inLanguage":"it-IT","@id":"https:\/\/www.ocova.eu\/it\/il-progetto\/#primaryimage","url":"http:\/\/www.ocova.eu\/wp-content\/uploads\/2013\/11\/LogoOCOVA_squared-300x265.png","contentUrl":"http:\/\/www.ocova.eu\/wp-content\/uploads\/2013\/11\/LogoOCOVA_squared-300x265.png"},{"@type":"BreadcrumbList","@id":"https:\/\/www.ocova.eu\/it\/il-progetto\/#breadcrumb","itemListElement":[{"@type":"ListItem","position":1,"name":"Accueil","item":"https:\/\/www.ocova.eu\/en\/"},{"@type":"ListItem","position":2,"name":"Il progetto"}]},{"@type":"WebSite","@id":"https:\/\/www.ocova.eu\/#website","url":"https:\/\/www.ocova.eu\/","name":"Forum OCOVA","description":"Smart Mountain for tomorrow","potentialAction":[{"@type":"SearchAction","target":{"@type":"EntryPoint","urlTemplate":"https:\/\/www.ocova.eu\/?s={search_term_string}"},"query-input":{"@type":"PropertyValueSpecification","valueRequired":true,"valueName":"search_term_string"}}],"inLanguage":"it-IT"}]}},"_links":{"self":[{"href":"https:\/\/www.ocova.eu\/it\/wp-json\/wp\/v2\/pages\/168","targetHints":{"allow":["GET"]}}],"collection":[{"href":"https:\/\/www.ocova.eu\/it\/wp-json\/wp\/v2\/pages"}],"about":[{"href":"https:\/\/www.ocova.eu\/it\/wp-json\/wp\/v2\/types\/page"}],"author":[{"embeddable":true,"href":"https:\/\/www.ocova.eu\/it\/wp-json\/wp\/v2\/users\/3"}],"replies":[{"embeddable":true,"href":"https:\/\/www.ocova.eu\/it\/wp-json\/wp\/v2\/comments?post=168"}],"version-history":[{"count":9,"href":"https:\/\/www.ocova.eu\/it\/wp-json\/wp\/v2\/pages\/168\/revisions"}],"predecessor-version":[{"id":3289,"href":"https:\/\/www.ocova.eu\/it\/wp-json\/wp\/v2\/pages\/168\/revisions\/3289"}],"wp:attachment":[{"href":"https:\/\/www.ocova.eu\/it\/wp-json\/wp\/v2\/media?parent=168"}],"curies":[{"name":"wp","href":"https:\/\/api.w.org\/{rel}","templated":true}]}}