{"id":114,"date":"2013-11-13T15:54:38","date_gmt":"2013-11-13T15:54:38","guid":{"rendered":"http:\/\/www.ocova.eu\/?page_id=114"},"modified":"2019-12-19T11:06:21","modified_gmt":"2019-12-19T10:06:21","slug":"partner","status":"publish","type":"page","link":"https:\/\/www.ocova.eu\/it\/partner\/","title":{"rendered":"I partner"},"content":{"rendered":"<h2><img loading=\"lazy\" decoding=\"async\" class=\"aligncenter size-full wp-image-216\" src=\"http:\/\/www.ocova.eu\/wp-content\/uploads\/2013\/11\/Header5.jpg\" alt=\"Header5\" width=\"960\" height=\"360\" srcset=\"https:\/\/www.ocova.eu\/wp-content\/uploads\/2013\/11\/Header5.jpg 960w, https:\/\/www.ocova.eu\/wp-content\/uploads\/2013\/11\/Header5-300x112.jpg 300w\" sizes=\"auto, (max-width: 960px) 100vw, 960px\" \/><\/h2>\n<h2><\/h2>\n<h2>Fondazione Torino Wireless<\/h2>\n<p><em><img loading=\"lazy\" decoding=\"async\" class=\"size-thumbnail wp-image-198 alignright\" src=\"http:\/\/www.ocova.eu\/wp-content\/uploads\/2013\/11\/sidebar_ToWireless-150x122.gif\" alt=\"sidebar_ToWireless\" width=\"150\" height=\"122\" \/>Torino Wireless<\/em> \u00e8 l\u2019ente no-profit designato dalle istituzioni locali e dal MIUR per accelerare la crescita e lo sviluppo tecnologico e manageriale delle imprese piemontesi che appartengono al settore ICT o che impiegano le tecnologie ICT come fattore strategico di competizione. Gestisce il \u201cPolo ICT\u201d, cluster regionale di imprese, centri di ricerca e atenei attivi nell\u2019Information &amp; Communication Technology, e \u201cSmartCommunitiesTech\u201d, cluster nazionale sulle tecnologie per le smart communities, nato per affrontare le sfide sociali nei sistemi metropolitani.<\/p>\n<p>&nbsp;<\/p>\n<h2>DITEN<\/h2>\n<p><img loading=\"lazy\" decoding=\"async\" class=\"size-thumbnail wp-image-200 alignright\" src=\"http:\/\/www.ocova.eu\/wp-content\/uploads\/2013\/11\/sidebar_Diten-150x109.gif\" alt=\"sidebar_Diten\" width=\"150\" height=\"109\" \/>Il dipartimento di <em>Ingegneria Navale, Elettrica, Elettronica e delle Telecomunicazioni<\/em> (DITEN) \u00e8 un organo dell\u2019Universit\u00e0 di Genova. Assicura lo svolgimento di attivit\u00e0 didattiche ed \u00e8 sede di attivit\u00e0 scientifica, promuovendo e sostenendo l\u2019attivit\u00e0 di ricerca dei propri docenti. I settori scientifico disciplinari attribuiti al dipartimento sono: Architettura Navale; Costruzioni e Impianti Navali e Marini; Elettrotecnica; Convertitori, Macchine ed Azionamenti Elettrici; Sistemi Elettrici per l\u2019Energia; Elettronica; Campi elettromagnetici; Telecomunicazioni; Misure Elettriche ed Elettroniche.<\/p>\n<p>&nbsp;<\/p>\n<h2>R\u00e9gie de Micropolis<\/h2>\n<p><img loading=\"lazy\" decoding=\"async\" class=\"size-thumbnail wp-image-199 alignright\" src=\"http:\/\/www.ocova.eu\/wp-content\/uploads\/2013\/11\/sidebar_Micropolis-150x119.gif\" alt=\"sidebar_Micropolis\" width=\"150\" height=\"119\" \/>All&#8217;ingresso sud di Gap, il parco tecnologico <em>MICROPOLIS<\/em> \u00e8 un sito situato al crocevia di tre grandi regioni industriali: Provenza-Alpi-Costa Azzurra, Rodano-Alpi e l&#8217;Italia settentrionale. Il parco si concentra sulle nuove tecnologie: Micropolis \u00e8 aperto a informatica, elettronica, multimedia e al terziario innovativo.<\/p>\n","protected":false},"excerpt":{"rendered":"<p>Fondazione Torino Wireless Torino Wireless \u00e8 l\u2019ente no-profit designato dalle istituzioni locali e dal MIUR per accelerare la crescita e lo sviluppo tecnologico e manageriale delle imprese piemontesi che appartengono al settore ICT o che impiegano le tecnologie ICT come fattore strategico di competizione. Gestisce il \u201cPolo ICT\u201d, cluster regionale di imprese, centri di ricerca [&hellip;]<\/p>\n","protected":false},"author":3,"featured_media":216,"parent":0,"menu_order":0,"comment_status":"open","ping_status":"open","template":"","meta":{"_et_pb_use_builder":"","_et_pb_old_content":"","_et_gb_content_width":"","footnotes":""},"class_list":["post-114","page","type-page","status-publish","has-post-thumbnail","hentry"],"yoast_head":"<!-- This site is optimized with the Yoast SEO plugin v27.0 - https:\/\/yoast.com\/product\/yoast-seo-wordpress\/ -->\n<title>I partner - Forum OCOVA<\/title>\n<meta name=\"robots\" content=\"index, follow, max-snippet:-1, max-image-preview:large, max-video-preview:-1\" \/>\n<link rel=\"canonical\" href=\"https:\/\/www.ocova.eu\/it\/partner\/\" \/>\n<meta property=\"og:locale\" content=\"it_IT\" \/>\n<meta property=\"og:type\" content=\"article\" \/>\n<meta property=\"og:title\" content=\"I partner - Forum OCOVA\" \/>\n<meta property=\"og:description\" content=\"Fondazione Torino Wireless Torino Wireless \u00e8 l\u2019ente no-profit designato dalle istituzioni locali e dal MIUR per accelerare la crescita e lo sviluppo tecnologico e manageriale delle imprese piemontesi che appartengono al settore ICT o che impiegano le tecnologie ICT come fattore strategico di competizione. Gestisce il \u201cPolo ICT\u201d, cluster regionale di imprese, centri di ricerca [&hellip;]\" \/>\n<meta property=\"og:url\" content=\"https:\/\/www.ocova.eu\/it\/partner\/\" \/>\n<meta property=\"og:site_name\" content=\"Forum OCOVA\" \/>\n<meta property=\"article:modified_time\" content=\"2019-12-19T10:06:21+00:00\" \/>\n<meta property=\"og:image\" content=\"https:\/\/www.ocova.eu\/wp-content\/uploads\/2013\/11\/Header5.jpg\" \/>\n\t<meta property=\"og:image:width\" content=\"960\" \/>\n\t<meta property=\"og:image:height\" content=\"360\" \/>\n\t<meta property=\"og:image:type\" content=\"image\/jpeg\" \/>\n<meta name=\"twitter:card\" content=\"summary_large_image\" \/>\n<meta name=\"twitter:label1\" content=\"Tempo di lettura stimato\" \/>\n\t<meta name=\"twitter:data1\" content=\"1 minuto\" \/>\n<script type=\"application\/ld+json\" class=\"yoast-schema-graph\">{\"@context\":\"https:\/\/schema.org\",\"@graph\":[{\"@type\":\"WebPage\",\"@id\":\"https:\/\/www.ocova.eu\/it\/partner\/\",\"url\":\"https:\/\/www.ocova.eu\/it\/partner\/\",\"name\":\"I partner - Forum OCOVA\",\"isPartOf\":{\"@id\":\"https:\/\/www.ocova.eu\/#website\"},\"primaryImageOfPage\":{\"@id\":\"https:\/\/www.ocova.eu\/it\/partner\/#primaryimage\"},\"image\":{\"@id\":\"https:\/\/www.ocova.eu\/it\/partner\/#primaryimage\"},\"thumbnailUrl\":\"https:\/\/www.ocova.eu\/wp-content\/uploads\/2013\/11\/Header5.jpg\",\"datePublished\":\"2013-11-13T15:54:38+00:00\",\"dateModified\":\"2019-12-19T10:06:21+00:00\",\"breadcrumb\":{\"@id\":\"https:\/\/www.ocova.eu\/it\/partner\/#breadcrumb\"},\"inLanguage\":\"it-IT\",\"potentialAction\":[{\"@type\":\"ReadAction\",\"target\":[\"https:\/\/www.ocova.eu\/it\/partner\/\"]}]},{\"@type\":\"ImageObject\",\"inLanguage\":\"it-IT\",\"@id\":\"https:\/\/www.ocova.eu\/it\/partner\/#primaryimage\",\"url\":\"https:\/\/www.ocova.eu\/wp-content\/uploads\/2013\/11\/Header5.jpg\",\"contentUrl\":\"https:\/\/www.ocova.eu\/wp-content\/uploads\/2013\/11\/Header5.jpg\",\"width\":960,\"height\":360},{\"@type\":\"BreadcrumbList\",\"@id\":\"https:\/\/www.ocova.eu\/it\/partner\/#breadcrumb\",\"itemListElement\":[{\"@type\":\"ListItem\",\"position\":1,\"name\":\"Accueil\",\"item\":\"https:\/\/www.ocova.eu\/en\/\"},{\"@type\":\"ListItem\",\"position\":2,\"name\":\"I partner\"}]},{\"@type\":\"WebSite\",\"@id\":\"https:\/\/www.ocova.eu\/#website\",\"url\":\"https:\/\/www.ocova.eu\/\",\"name\":\"Forum OCOVA\",\"description\":\"Smart Mountain for tomorrow\",\"potentialAction\":[{\"@type\":\"SearchAction\",\"target\":{\"@type\":\"EntryPoint\",\"urlTemplate\":\"https:\/\/www.ocova.eu\/?s={search_term_string}\"},\"query-input\":{\"@type\":\"PropertyValueSpecification\",\"valueRequired\":true,\"valueName\":\"search_term_string\"}}],\"inLanguage\":\"it-IT\"}]}<\/script>\n<!-- \/ Yoast SEO plugin. -->","yoast_head_json":{"title":"I partner - Forum OCOVA","robots":{"index":"index","follow":"follow","max-snippet":"max-snippet:-1","max-image-preview":"max-image-preview:large","max-video-preview":"max-video-preview:-1"},"canonical":"https:\/\/www.ocova.eu\/it\/partner\/","og_locale":"it_IT","og_type":"article","og_title":"I partner - Forum OCOVA","og_description":"Fondazione Torino Wireless Torino Wireless \u00e8 l\u2019ente no-profit designato dalle istituzioni locali e dal MIUR per accelerare la crescita e lo sviluppo tecnologico e manageriale delle imprese piemontesi che appartengono al settore ICT o che impiegano le tecnologie ICT come fattore strategico di competizione. Gestisce il \u201cPolo ICT\u201d, cluster regionale di imprese, centri di ricerca [&hellip;]","og_url":"https:\/\/www.ocova.eu\/it\/partner\/","og_site_name":"Forum OCOVA","article_modified_time":"2019-12-19T10:06:21+00:00","og_image":[{"width":960,"height":360,"url":"https:\/\/www.ocova.eu\/wp-content\/uploads\/2013\/11\/Header5.jpg","type":"image\/jpeg"}],"twitter_card":"summary_large_image","twitter_misc":{"Tempo di lettura stimato":"1 minuto"},"schema":{"@context":"https:\/\/schema.org","@graph":[{"@type":"WebPage","@id":"https:\/\/www.ocova.eu\/it\/partner\/","url":"https:\/\/www.ocova.eu\/it\/partner\/","name":"I partner - Forum OCOVA","isPartOf":{"@id":"https:\/\/www.ocova.eu\/#website"},"primaryImageOfPage":{"@id":"https:\/\/www.ocova.eu\/it\/partner\/#primaryimage"},"image":{"@id":"https:\/\/www.ocova.eu\/it\/partner\/#primaryimage"},"thumbnailUrl":"https:\/\/www.ocova.eu\/wp-content\/uploads\/2013\/11\/Header5.jpg","datePublished":"2013-11-13T15:54:38+00:00","dateModified":"2019-12-19T10:06:21+00:00","breadcrumb":{"@id":"https:\/\/www.ocova.eu\/it\/partner\/#breadcrumb"},"inLanguage":"it-IT","potentialAction":[{"@type":"ReadAction","target":["https:\/\/www.ocova.eu\/it\/partner\/"]}]},{"@type":"ImageObject","inLanguage":"it-IT","@id":"https:\/\/www.ocova.eu\/it\/partner\/#primaryimage","url":"https:\/\/www.ocova.eu\/wp-content\/uploads\/2013\/11\/Header5.jpg","contentUrl":"https:\/\/www.ocova.eu\/wp-content\/uploads\/2013\/11\/Header5.jpg","width":960,"height":360},{"@type":"BreadcrumbList","@id":"https:\/\/www.ocova.eu\/it\/partner\/#breadcrumb","itemListElement":[{"@type":"ListItem","position":1,"name":"Accueil","item":"https:\/\/www.ocova.eu\/en\/"},{"@type":"ListItem","position":2,"name":"I partner"}]},{"@type":"WebSite","@id":"https:\/\/www.ocova.eu\/#website","url":"https:\/\/www.ocova.eu\/","name":"Forum OCOVA","description":"Smart Mountain for tomorrow","potentialAction":[{"@type":"SearchAction","target":{"@type":"EntryPoint","urlTemplate":"https:\/\/www.ocova.eu\/?s={search_term_string}"},"query-input":{"@type":"PropertyValueSpecification","valueRequired":true,"valueName":"search_term_string"}}],"inLanguage":"it-IT"}]}},"_links":{"self":[{"href":"https:\/\/www.ocova.eu\/it\/wp-json\/wp\/v2\/pages\/114","targetHints":{"allow":["GET"]}}],"collection":[{"href":"https:\/\/www.ocova.eu\/it\/wp-json\/wp\/v2\/pages"}],"about":[{"href":"https:\/\/www.ocova.eu\/it\/wp-json\/wp\/v2\/types\/page"}],"author":[{"embeddable":true,"href":"https:\/\/www.ocova.eu\/it\/wp-json\/wp\/v2\/users\/3"}],"replies":[{"embeddable":true,"href":"https:\/\/www.ocova.eu\/it\/wp-json\/wp\/v2\/comments?post=114"}],"version-history":[{"count":3,"href":"https:\/\/www.ocova.eu\/it\/wp-json\/wp\/v2\/pages\/114\/revisions"}],"predecessor-version":[{"id":3288,"href":"https:\/\/www.ocova.eu\/it\/wp-json\/wp\/v2\/pages\/114\/revisions\/3288"}],"wp:featuredmedia":[{"embeddable":true,"href":"https:\/\/www.ocova.eu\/it\/wp-json\/wp\/v2\/media\/216"}],"wp:attachment":[{"href":"https:\/\/www.ocova.eu\/it\/wp-json\/wp\/v2\/media?parent=114"}],"curies":[{"name":"wp","href":"https:\/\/api.w.org\/{rel}","templated":true}]}}