{"id":112,"date":"2013-11-12T10:15:26","date_gmt":"2013-11-12T10:15:26","guid":{"rendered":"http:\/\/www.ocova.eu\/?page_id=112"},"modified":"2019-12-19T11:16:18","modified_gmt":"2019-12-19T10:16:18","slug":"area-stampa","status":"publish","type":"page","link":"https:\/\/www.ocova.eu\/it\/area-stampa\/","title":{"rendered":"Area Stampa"},"content":{"rendered":"<p>In questa pagina, a disposizione dei media, tutti i materiali stampa scaricabili (comunicati stampa, schede dei progetti) che verranno presentati al Forum OCOVA.<\/p>\n<div class='et-learn-more clearfix'>\n\t\t\t\t\t<h3 class='heading-more'>RECAPITI UFFICI STAMPA<span class='et_learnmore_arrow'><span><\/span><\/span><\/h3>\n\t\t\t\t\t<div class='learn-more-content'><strong>Ufficio Stampa Forum OCOVA Ivrea<\/strong><\/p>\n<p>Chiara Cavanna \u2022 Fondazione Torino Wireless\n<a href=\"mailto:chiara.cavanna@torinowireless.it\">chiara.cavanna@torinowireless.it<\/a> &#8211;\u00a0335.74.25.800<\/p>\n<p>Alessandra Argentero \u2022 Confindustria Canavese\n<a href=\"mailto:ufficiostampa@confindustriacanavese.it\">ufficiostampa@confindustriacanavese.it<\/a> &#8211; 0125.42.47.48<\/p>\n<p>&nbsp;<\/p>\n<p><strong>Ufficio Stampa Forum OCOVA Gap<\/strong><\/p>\n<p>Yann Bidault \u2022\n<a href=\"mailto:paca@ocova.eu\">paca@ocova.eu<\/a> &#8211; +33 (0)687 119 143<\/p><\/div>\n\t\t\t\t<\/div>\n<hr style=\"border: 1px solid orange;\" \/>\n<h2>Comunicati stampa<\/h2>\n<p>\u2022 Comunicato del 26 novembre 2014 &#8211; Forum\u00a0OCOVA Ivrea\u00a0<a href=\"http:\/\/www.ocova.eu\/wp-content\/uploads\/2013\/11\/CS_OCOVA_AlpMedNet_2014_11_26.doc\">[DOC]<\/a><\/p>\n<p>\u2022 Comunicato del 29 aprile 2014 &#8211; Ateliers OCOVA AlpMedNet 2014 <a href=\"http:\/\/www.ocova.eu\/wp-content\/uploads\/2014\/04\/CP-Formations-OCOVA-280414.pdf\">[PDF]<\/a><\/p>\n<p>\u2022 Comunicato del 9 aprile 2014 &#8211; Cl\u00f4ture de l&#8217;op\u00e9ration jaiunebonneidee.com <a href=\"http:\/\/www.ocova.eu\/wp-content\/uploads\/2014\/04\/CP-cl\u00f4ture-jaiunebonneidee.com_.pdf\">[PDF]<\/a><\/p>\n<p>\u2022 Comunicato del 7 dicembre 2013 &#8211; Chiusura Forum OCOVA 2013 <a href=\"http:\/\/www.ocova.eu\/wp-content\/uploads\/2013\/12\/COS-OCOVA_chiusura_def.pdf\" target=\"_blank\" rel=\"noopener noreferrer\">[PDF]<\/a> <a href=\"http:\/\/www.ocova.eu\/wp-content\/uploads\/2013\/12\/COS-OCOVA_chiusura_def.doc\" target=\"_blank\" rel=\"noopener noreferrer\">[DOC]<\/a><\/p>\n<p>\u2022 Comunicato del 13 novembre 2013 &#8211; Presentazione OCOVA 2013 <a href=\"http:\/\/www.ocova.eu\/wp-content\/uploads\/2013\/11\/COS_OCOVA_AlpMedNet.pdf\" target=\"_blank\" rel=\"noopener noreferrer\">[PDF]<\/a> <a href=\"http:\/\/www.ocova.eu\/wp-content\/uploads\/2013\/11\/COS_OCOVA_AlpMedNet.doc\" target=\"_blank\" rel=\"noopener noreferrer\">[DOC]<\/a><\/p>\n<hr style=\"border: 1px solid orange;\" \/>\n<h2>Rassegna stampa<\/h2>\n<p>\u2022 Citt\u00e0 di Ivrea &#8211; OCOVA AlpMedNet Forum <a href=\"http:\/\/www.ocova.eu\/wp-content\/uploads\/2013\/12\/OCOVA-AlpMedNet-Citta -di-Ivrea.pdf\" target=\"_blank\" rel=\"noopener noreferrer\">[PDF]<\/a><br \/>\n\u2022 Quotidiano del Canavese &#8211;\u00a0IVREA &#8211; Gli industriali dell&#8217;informatica fanno quadrato &#8211; 17\/11\/2013 <a href=\"http:\/\/www.ocova.eu\/wp-content\/uploads\/2013\/12\/IVREA-Gli-industriali-dellinformatica-fanno-quadrato.pdf\" target=\"_blank\" rel=\"noopener noreferrer\">[PDF]<\/a><br \/>\n\u2022 BioPmed.eu &#8211;\u00a0OCOVA AlpMedNet Forum &#8211; 21\/11\/2013 <a href=\"http:\/\/www.ocova.eu\/wp-content\/uploads\/2013\/12\/OCOVA-AlpMedNet-Forum_biopmed.pdf\" target=\"_blank\" rel=\"noopener noreferrer\">[PDF]<\/a><br \/>\n\u2022 Localport.it &#8211;\u00a0Forum Ocova. A Ivrea riunione degli operatori economici di Piemonte e Liguria &#8211; 21\/11\/2013 <a href=\"http:\/\/www.ocova.eu\/wp-content\/uploads\/2013\/12\/Localport-notizie_-_Forum-Ocova.pdf\" target=\"_blank\" rel=\"noopener noreferrer\">[PDF]<\/a><br \/>\n\u2022 La Sentinella del Canavese &#8211; C&#8217;\u00e8 un Canavese che vince. Nell&#8217;ICT boom di imprese &#8211; 25\/11\/2013 <a href=\"http:\/\/www.ocova.eu\/wp-content\/uploads\/2013\/12\/sentinellaCanavese.pdf\" target=\"_blank\" rel=\"noopener noreferrer\">[PDF]<\/a><a href=\"http:\/\/www.ocova.eu\/wp-content\/uploads\/2013\/12\/sentinellaCanavese.pdf\" target=\"_blank\" rel=\"noopener noreferrer\"><br \/>\n<\/a>\u2022 Il Risveglio Popolare &#8211; A Ivrea il forum piemontese del progetto Ocova &#8211; 19\/12\/2013 <a href=\"http:\/\/www.ocova.eu\/wp-content\/uploads\/2013\/11\/IlRisveglioPopolare28novembre.pdf\" target=\"_blank\" rel=\"noopener noreferrer\">[PDF]<\/a><a href=\"http:\/\/www.ocova.eu\/wp-content\/uploads\/2013\/12\/Ivrea-chiuso-il-forum-dedicato-a-tecnologia-e-business-Cronaca-La-Sentinella-del-Canavese.pdf\" target=\"_blank\" rel=\"noopener noreferrer\"><br \/>\n<\/a>\u2022 Bioindustry Park Silvano Fumero &#8211;\u00a0OCOVA AlpMedNet Forum &#8211; 29\/11\/2013 <a href=\"http:\/\/www.ocova.eu\/wp-content\/uploads\/2013\/12\/Bioindustry-Park-Silvano-Fumero-.pdf\" target=\"_blank\" rel=\"noopener noreferrer\">[PDF]<\/a><br \/>\n\u2022 Quick Loox &#8211; Magie e Burocrazie &#8211; 30\/11\/2013\u00a0<a href=\"http:\/\/www.ocova.eu\/wp-content\/uploads\/2013\/12\/magie-e-burocrazie-QuickLoox.pdf\" target=\"_blank\" rel=\"noopener noreferrer\">[PDF]<\/a><br \/>\n\u2022 La Sentinella del Canavese &#8211;\u00a0Circuito virtuoso tra imprese, Ivrea la sede &#8211; 4\/12\/2013 <a href=\"http:\/\/www.ocova.eu\/wp-content\/uploads\/2013\/12\/Circuito-virtuoso-tra-imprese-Ivrea-la-sede-Cronaca-La-Sentinella-del-Canavese.pdf\" target=\"_blank\" rel=\"noopener noreferrer\">[PDF]<\/a><br \/>\n\u2022 Torino Scienza &#8211;\u00a0Mobilit\u00e0 sostenibile e ambiente &#8211; 5\/12\/2013 <a href=\"http:\/\/www.ocova.eu\/wp-content\/uploads\/2013\/12\/Mobilit\u00e0-sostenibile-e-ambiente-torinoscienza.pdf\" target=\"_blank\" rel=\"noopener noreferrer\">[PDF]<br \/>\n<\/a>\u2022 Eventi-netweek.it &#8211;\u00a0OCOVA AlpMedNet &#8211; 5\/12\/2013 <a href=\"http:\/\/www.ocova.eu\/wp-content\/uploads\/2013\/12\/convegni-a-Ivrea-Congressi-a-Ivrea-seminari-a-Ivrea.pdf\" target=\"_blank\" rel=\"noopener noreferrer\">[PDF]<\/a><br \/>\n\u2022 La Gazzetta del Canavese &#8211;\u00a0OCOVA AlpMedNet: domani a Ivrea &#8211; 5\/12\/2013 <a href=\"http:\/\/www.ocova.eu\/wp-content\/uploads\/2013\/12\/OCOVA-AlpMedNet_-forum-oggi-e-domani-a-Ivrea-\u00bb.pdf\" target=\"_blank\" rel=\"noopener noreferrer\">[PDF]<\/a><br \/>\n\u2022 TeleItailiaChannel &#8211;\u00a0I seminari di OCOVA ad Ivrea per rilanciare il territorio &#8211; 5\/12\/2013 <a href=\"http:\/\/www.ocova.eu\/wp-content\/uploads\/2013\/12\/I-seminari-di-OCOVA-ad-Ivrea-per-rilanciare-il-territorio.pdf\" target=\"_blank\" rel=\"noopener noreferrer\">[PDF]<\/a><br \/>\n\u2022 Mister-X.it &#8211;\u00a0OCOVA AlpMedNet: forum oggi e domani a Ivrea &#8211; 5\/12\/2013 <a href=\"http:\/\/www.ocova.eu\/wp-content\/uploads\/2013\/12\/OCOVA-AlpMedNet_-forum-oggi-e-domani-a-Ivrea-gioved\u00ec-5-dicembre-2013.pdf\" target=\"_blank\" rel=\"noopener noreferrer\">[PDF]<\/a><br \/>\n\u2022 La Sentinella del Canavese &#8211; Innovazione e sviluppo &#8211; 9\/12\/2013 <a href=\"http:\/\/www.ocova.eu\/wp-content\/uploads\/2013\/12\/Innovazione-e-sviluppo-Cronaca-La-Sentinella-del-Canavese.pdf\" target=\"_blank\" rel=\"noopener noreferrer\">[PDF]<\/a><br \/>\n\u2022 Le Dauphin\u00e9 Lib\u00e9r\u00e9 &#8211; Les Hautes-Alpes ont particip\u00e9 au forum Ocova du Pi\u00e9mont &#8211; 09\/12\/13\u00a0<a href=\"http:\/\/www.ocova.eu\/wp-content\/uploads\/2013\/11\/Le-Dauphin\u00e9-Lib\u00e9r\u00e9_Hautes-Alpes_Ocova.pdf\" target=\"_blank\" rel=\"noopener noreferrer\">[PDF]<\/a><br \/>\n\u2022 La Sentinella del Canavese &#8211; Chiuso il Forum dedicato a tecnologia e business &#8211; 12\/12\/2013 <a href=\"http:\/\/www.ocova.eu\/wp-content\/uploads\/2013\/12\/Ivrea-chiuso-il-forum-dedicato-a-tecnologia-e-business-Cronaca-La-Sentinella-del-Canavese.pdf\" target=\"_blank\" rel=\"noopener noreferrer\">[PDF]<br \/>\n<\/a>\u2022 Il Risveglio Popolare &#8211; Grande interesse per il forum Ocova &#8211; 19\/12\/2013 <a href=\"http:\/\/www.ocova.eu\/wp-content\/uploads\/2013\/11\/IlRisveglioPopolare_19dicembre.pdf\" target=\"_blank\" rel=\"noopener noreferrer\">[PDF]<\/a><br \/>\n\u2022 VIDEO &#8211; Tg3 Regionale Piemonte &#8211; 5\/12\/2013 <a href=\"http:\/\/www.youtube.com\/watch?v=N5Dsso7OqI4&amp;feature=share&amp;list=PL626954F9E7CF6E95&amp;index=1\" target=\"_blank\" rel=\"noopener noreferrer\">[YOUTUBE]<\/a><br \/>\n\u2022 Projet OCOVA AlpMedNet <a href=\"http:\/\/www.ocova.eu\/wp-content\/uploads\/2014\/04\/Dossier-de-Presse-OCOVA-AMN-2014-vF.pdf\">[PDF]<\/a><br \/>\n\u2022 Ateliers OCOVA AlpMedNet 2014 &#8211; Tr\u00e8s haut d\u00e9bit et outils num\u00e9riques de productivit\u00e9 et de performance <a href=\"http:\/\/www.ocova.eu\/wp-content\/uploads\/2014\/04\/DP-Formations-OCOVA-AMN-2014.pdf\">[PDF]<\/a><\/p>\n<hr style=\"border: 1px solid orange;\" \/>\n<h2>Progetti presentati al Forum<\/h2>\n<p>Consulta la sezione <a href=\"http:\/\/www.ocova.eu\/category\/stand\/\">Expo<\/a><\/p>\n","protected":false},"excerpt":{"rendered":"<p>In questa pagina, a disposizione dei media, tutti i materiali stampa scaricabili (comunicati stampa, schede dei progetti) che verranno presentati al Forum OCOVA. Comunicati stampa \u2022 Comunicato del 26 novembre 2014 &#8211; Forum\u00a0OCOVA Ivrea\u00a0[DOC] \u2022 Comunicato del 29 aprile 2014 &#8211; Ateliers OCOVA AlpMedNet 2014 [PDF] \u2022 Comunicato del 9 aprile 2014 &#8211; Cl\u00f4ture de [&hellip;]<\/p>\n","protected":false},"author":3,"featured_media":0,"parent":0,"menu_order":0,"comment_status":"open","ping_status":"open","template":"","meta":{"_et_pb_use_builder":"","_et_pb_old_content":"","_et_gb_content_width":"","footnotes":""},"class_list":["post-112","page","type-page","status-publish","hentry"],"yoast_head":"<!-- This site is optimized with the Yoast SEO plugin v27.0 - https:\/\/yoast.com\/product\/yoast-seo-wordpress\/ -->\n<title>Area Stampa - Forum OCOVA<\/title>\n<meta name=\"robots\" content=\"index, follow, max-snippet:-1, max-image-preview:large, max-video-preview:-1\" \/>\n<link rel=\"canonical\" href=\"https:\/\/www.ocova.eu\/it\/area-stampa\/\" \/>\n<meta property=\"og:locale\" content=\"it_IT\" \/>\n<meta property=\"og:type\" content=\"article\" \/>\n<meta property=\"og:title\" content=\"Area Stampa - Forum OCOVA\" \/>\n<meta property=\"og:description\" content=\"In questa pagina, a disposizione dei media, tutti i materiali stampa scaricabili (comunicati stampa, schede dei progetti) che verranno presentati al Forum OCOVA. Comunicati stampa \u2022 Comunicato del 26 novembre 2014 &#8211; Forum\u00a0OCOVA Ivrea\u00a0[DOC] \u2022 Comunicato del 29 aprile 2014 &#8211; Ateliers OCOVA AlpMedNet 2014 [PDF] \u2022 Comunicato del 9 aprile 2014 &#8211; Cl\u00f4ture de [&hellip;]\" \/>\n<meta property=\"og:url\" content=\"https:\/\/www.ocova.eu\/it\/area-stampa\/\" \/>\n<meta property=\"og:site_name\" content=\"Forum OCOVA\" \/>\n<meta property=\"article:modified_time\" content=\"2019-12-19T10:16:18+00:00\" \/>\n<meta name=\"twitter:card\" content=\"summary_large_image\" \/>\n<meta name=\"twitter:label1\" content=\"Tempo di lettura stimato\" \/>\n\t<meta name=\"twitter:data1\" content=\"2 minuti\" \/>\n<script type=\"application\/ld+json\" class=\"yoast-schema-graph\">{\"@context\":\"https:\/\/schema.org\",\"@graph\":[{\"@type\":\"WebPage\",\"@id\":\"https:\/\/www.ocova.eu\/it\/area-stampa\/\",\"url\":\"https:\/\/www.ocova.eu\/it\/area-stampa\/\",\"name\":\"Area Stampa - Forum OCOVA\",\"isPartOf\":{\"@id\":\"https:\/\/www.ocova.eu\/#website\"},\"datePublished\":\"2013-11-12T10:15:26+00:00\",\"dateModified\":\"2019-12-19T10:16:18+00:00\",\"breadcrumb\":{\"@id\":\"https:\/\/www.ocova.eu\/it\/area-stampa\/#breadcrumb\"},\"inLanguage\":\"it-IT\",\"potentialAction\":[{\"@type\":\"ReadAction\",\"target\":[\"https:\/\/www.ocova.eu\/it\/area-stampa\/\"]}]},{\"@type\":\"BreadcrumbList\",\"@id\":\"https:\/\/www.ocova.eu\/it\/area-stampa\/#breadcrumb\",\"itemListElement\":[{\"@type\":\"ListItem\",\"position\":1,\"name\":\"Accueil\",\"item\":\"https:\/\/www.ocova.eu\/en\/\"},{\"@type\":\"ListItem\",\"position\":2,\"name\":\"Area Stampa\"}]},{\"@type\":\"WebSite\",\"@id\":\"https:\/\/www.ocova.eu\/#website\",\"url\":\"https:\/\/www.ocova.eu\/\",\"name\":\"Forum OCOVA\",\"description\":\"Smart Mountain for tomorrow\",\"potentialAction\":[{\"@type\":\"SearchAction\",\"target\":{\"@type\":\"EntryPoint\",\"urlTemplate\":\"https:\/\/www.ocova.eu\/?s={search_term_string}\"},\"query-input\":{\"@type\":\"PropertyValueSpecification\",\"valueRequired\":true,\"valueName\":\"search_term_string\"}}],\"inLanguage\":\"it-IT\"}]}<\/script>\n<!-- \/ Yoast SEO plugin. -->","yoast_head_json":{"title":"Area Stampa - Forum OCOVA","robots":{"index":"index","follow":"follow","max-snippet":"max-snippet:-1","max-image-preview":"max-image-preview:large","max-video-preview":"max-video-preview:-1"},"canonical":"https:\/\/www.ocova.eu\/it\/area-stampa\/","og_locale":"it_IT","og_type":"article","og_title":"Area Stampa - Forum OCOVA","og_description":"In questa pagina, a disposizione dei media, tutti i materiali stampa scaricabili (comunicati stampa, schede dei progetti) che verranno presentati al Forum OCOVA. Comunicati stampa \u2022 Comunicato del 26 novembre 2014 &#8211; Forum\u00a0OCOVA Ivrea\u00a0[DOC] \u2022 Comunicato del 29 aprile 2014 &#8211; Ateliers OCOVA AlpMedNet 2014 [PDF] \u2022 Comunicato del 9 aprile 2014 &#8211; Cl\u00f4ture de [&hellip;]","og_url":"https:\/\/www.ocova.eu\/it\/area-stampa\/","og_site_name":"Forum OCOVA","article_modified_time":"2019-12-19T10:16:18+00:00","twitter_card":"summary_large_image","twitter_misc":{"Tempo di lettura stimato":"2 minuti"},"schema":{"@context":"https:\/\/schema.org","@graph":[{"@type":"WebPage","@id":"https:\/\/www.ocova.eu\/it\/area-stampa\/","url":"https:\/\/www.ocova.eu\/it\/area-stampa\/","name":"Area Stampa - Forum OCOVA","isPartOf":{"@id":"https:\/\/www.ocova.eu\/#website"},"datePublished":"2013-11-12T10:15:26+00:00","dateModified":"2019-12-19T10:16:18+00:00","breadcrumb":{"@id":"https:\/\/www.ocova.eu\/it\/area-stampa\/#breadcrumb"},"inLanguage":"it-IT","potentialAction":[{"@type":"ReadAction","target":["https:\/\/www.ocova.eu\/it\/area-stampa\/"]}]},{"@type":"BreadcrumbList","@id":"https:\/\/www.ocova.eu\/it\/area-stampa\/#breadcrumb","itemListElement":[{"@type":"ListItem","position":1,"name":"Accueil","item":"https:\/\/www.ocova.eu\/en\/"},{"@type":"ListItem","position":2,"name":"Area Stampa"}]},{"@type":"WebSite","@id":"https:\/\/www.ocova.eu\/#website","url":"https:\/\/www.ocova.eu\/","name":"Forum OCOVA","description":"Smart Mountain for tomorrow","potentialAction":[{"@type":"SearchAction","target":{"@type":"EntryPoint","urlTemplate":"https:\/\/www.ocova.eu\/?s={search_term_string}"},"query-input":{"@type":"PropertyValueSpecification","valueRequired":true,"valueName":"search_term_string"}}],"inLanguage":"it-IT"}]}},"_links":{"self":[{"href":"https:\/\/www.ocova.eu\/it\/wp-json\/wp\/v2\/pages\/112","targetHints":{"allow":["GET"]}}],"collection":[{"href":"https:\/\/www.ocova.eu\/it\/wp-json\/wp\/v2\/pages"}],"about":[{"href":"https:\/\/www.ocova.eu\/it\/wp-json\/wp\/v2\/types\/page"}],"author":[{"embeddable":true,"href":"https:\/\/www.ocova.eu\/it\/wp-json\/wp\/v2\/users\/3"}],"replies":[{"embeddable":true,"href":"https:\/\/www.ocova.eu\/it\/wp-json\/wp\/v2\/comments?post=112"}],"version-history":[{"count":7,"href":"https:\/\/www.ocova.eu\/it\/wp-json\/wp\/v2\/pages\/112\/revisions"}],"predecessor-version":[{"id":3283,"href":"https:\/\/www.ocova.eu\/it\/wp-json\/wp\/v2\/pages\/112\/revisions\/3283"}],"wp:attachment":[{"href":"https:\/\/www.ocova.eu\/it\/wp-json\/wp\/v2\/media?parent=112"}],"curies":[{"name":"wp","href":"https:\/\/api.w.org\/{rel}","templated":true}]}}