{"id":5921,"date":"2026-01-10T02:30:56","date_gmt":"2026-01-10T01:30:56","guid":{"rendered":"https:\/\/www.ocova.eu\/?page_id=5921"},"modified":"2026-02-18T17:28:35","modified_gmt":"2026-02-18T16:28:35","slug":"2026-programme","status":"publish","type":"page","link":"https:\/\/www.ocova.eu\/en\/home-3\/2026-programme\/","title":{"rendered":"2026 Programme"},"content":{"rendered":"<p><span style=\"font-size: 18pt; color: #333399;\">2026 Programme<br \/>\n<span style=\"font-size: 12pt; color: #ff6600;\">The presentations are included as non-editable PDF files on the program page.<\/span><br \/>\n<span style=\"font-size: 12pt; color: #ff6600;\">Due to their size, the films cannot be incorporated into the PDF files. To view them (Atos, XiLAB), please refer to the video recording available on OCOVA&#8217;s <span style=\"font-size: 10pt;\"><span style=\"font-size: 12pt; color: #ff9900;\"><strong><span style=\"text-decoration: underline;\"><span style=\"color: #000080; text-decoration: underline;\"><a style=\"color: #000080; text-decoration: underline;\" href=\"https:\/\/youtube.com\/live\/SuXXPgtxcVg\" target=\"_blank\" rel=\"noopener\"> Youtube<\/a><\/span><\/span><\/strong><\/span><\/span> channel.<\/span><br \/>\n<\/span><\/p>\n<hr \/>\n<h3><span style=\"font-size: 12pt;\">8h30-9h00: <span style=\"font-size: 14pt;\">Welcome<\/span><\/span><\/h3>\n<hr \/>\n<h3><span style=\"font-size: 12pt;\">9h00-9h35: <span style=\"font-size: 14pt;\">Opening, speeches by officials <\/span><\/span><\/h3>\n<hr \/>\n<h3><span style=\"font-size: 12pt;\">9h35-12h15: SESSION 1 <\/span>\u2013<span style=\"font-size: 14pt;\"> Digital tools for the ecological transition of mountain areas: Territorial Digital Twins<\/span><\/h3>\n<ul>\n<li>Smart mountain and digital twin: the real, the plausible and the interoperable. <strong>CRGN<\/strong>, Laurence Vanin <a href=\"https:\/\/www.ocova.eu\/wp-content\/uploads\/2026\/02\/1.1-CRGN_ECOT.pdf\" target=\"_blank\" rel=\"noopener\"><img decoding=\"async\" src=\"http:\/\/www.ocova.eu\/wp-content\/uploads\/2013\/12\/PDF_small_button.png\" alt=\"PDF_dwnld_button\" \/><\/a><\/li>\n<li>Digital twin \/shared data spaces convergence. <strong>CEREMA<\/strong>, Sophie Houzet\u00a0 <a href=\"https:\/\/www.ocova.eu\/wp-content\/uploads\/2026\/02\/1.2-CEREMA.pdf\" target=\"_blank\" rel=\"noopener\"><img decoding=\"async\" src=\"http:\/\/www.ocova.eu\/wp-content\/uploads\/2013\/12\/PDF_small_button.png\" alt=\"PDF_dwnld_button\" \/><\/a><\/li>\n<li>European initiatives &#8211; CRETE VALLEY PROJECT and Digital Twin Energy,<strong> National Technical University of Athens<\/strong>, Michalis Rachmanidis <a href=\"https:\/\/www.ocova.eu\/wp-content\/uploads\/2026\/02\/1.3-Crete-Valley.pdf\" target=\"_blank\" rel=\"noopener\"><img loading=\"lazy\" decoding=\"async\" class=\"alignnone\" src=\"http:\/\/www.ocova.eu\/wp-content\/uploads\/2013\/12\/PDF_small_button.png\" alt=\"PDF_dwnld_button\" width=\"45\" height=\"16\" \/><\/a><\/li>\n<li>What role for residents and stakeholders in Local Digital Twins?. <strong>SCIC Tetris,<\/strong> Genevi\u00e8ve Fontaine <a href=\"https:\/\/www.ocova.eu\/wp-content\/uploads\/2026\/02\/1.4-TETRIS_Presentation-VF_OCOVA2026.pdf\" target=\"_blank\" rel=\"noopener\"><img decoding=\"async\" src=\"http:\/\/www.ocova.eu\/wp-content\/uploads\/2013\/12\/PDF_small_button.png\" alt=\"PDF_dwnld_button\" \/><\/a><\/li>\n<li>Implementation of Digital Twins for water management. <strong>EGM, <\/strong>Gilles Orazi <a href=\"https:\/\/www.ocova.eu\/wp-content\/uploads\/2026\/02\/1.5-EGM.pdf\" target=\"_blank\" rel=\"noopener\"><img decoding=\"async\" src=\"http:\/\/www.ocova.eu\/wp-content\/uploads\/2013\/12\/PDF_small_button.png\" alt=\"PDF_dwnld_button\" \/><\/a><\/li>\n<li>Two examples of digital twins in mountainous areas: fire prevention and response, hydrology. <strong>Atos<\/strong>, L\u00e9a Duran <a href=\"https:\/\/www.ocova.eu\/wp-content\/uploads\/2026\/02\/1.6-ATOS-sans-film.pdf\" target=\"_blank\" rel=\"noopener\"><img decoding=\"async\" src=\"http:\/\/www.ocova.eu\/wp-content\/uploads\/2013\/12\/PDF_small_button.png\" alt=\"PDF_dwnld_button\" \/><\/a><\/li>\n<li>Digital twin, simulation: crisis training. <b>CRGN<\/b>, Benjamin Lecointre <a href=\"https:\/\/www.ocova.eu\/wp-content\/uploads\/2026\/02\/1.7-CRGN.pdf\" target=\"_blank\" rel=\"noopener\"><img decoding=\"async\" src=\"http:\/\/www.ocova.eu\/wp-content\/uploads\/2013\/12\/PDF_small_button.png\" alt=\"PDF_dwnld_button\" \/><\/a><\/li>\n<li>Frugal AI at the service of digital twins. <strong>XiLAB<\/strong>, Nicolas Gardan <a href=\"https:\/\/www.ocova.eu\/wp-content\/uploads\/2026\/02\/1.8-XILAB-2-sans.pdf\" target=\"_blank\" rel=\"noopener\"><img decoding=\"async\" src=\"http:\/\/www.ocova.eu\/wp-content\/uploads\/2013\/12\/PDF_small_button.png\" alt=\"PDF_dwnld_button\" \/><\/a><\/li>\n<li>European initiatives &#8211; LDT4SSC, <b>Technopolis Consulting Belgium,<\/b> Adriana Badau <a href=\"https:\/\/www.ocova.eu\/wp-content\/uploads\/2026\/02\/1.9-LDT4SSC.v2.pdf\" target=\"_blank\" rel=\"noopener\"><img decoding=\"async\" src=\"http:\/\/www.ocova.eu\/wp-content\/uploads\/2013\/12\/PDF_small_button.png\" alt=\"PDF_dwnld_button\" \/><\/a><\/li>\n<li>SmartMountain5G &#8211; European project to deploy private 5G bubbles &#8211; <b>Num\u00e9risat<\/b>, Georges Samperio\u00a0 <a href=\"https:\/\/www.ocova.eu\/wp-content\/uploads\/2026\/02\/1.10-numerisat.pdf\" target=\"_blank\" rel=\"noopener\"><img decoding=\"async\" src=\"http:\/\/www.ocova.eu\/wp-content\/uploads\/2013\/12\/PDF_small_button.png\" alt=\"PDF_dwnld_button\" \/><\/a><\/li>\n<\/ul>\n<hr \/>\n<h3><span style=\"font-size: 12pt;\">12h15-13h30: BUFFET, EXHIBITION, NETWORKING<\/span><\/h3>\n<hr \/>\n<h4><span style=\"font-size: 12pt;\">13h30-15h35: SESSION 2 <\/span>\u2013 Renovation of tourism housing: state of play, advances, prospects<\/h4>\n<ul>\n<li>Update on renovation projects \u2013 progress and prospects. <strong>Les Orres \/ ADRET, <\/strong>Laurence Legros, Gilles Wegner <a href=\"https:\/\/www.ocova.eu\/wp-content\/uploads\/2026\/02\/2.1-LO.pdf\" target=\"_blank\" rel=\"noopener\"><img decoding=\"async\" src=\"http:\/\/www.ocova.eu\/wp-content\/uploads\/2013\/12\/PDF_small_button.png\" alt=\"PDF_dwnld_button\" \/><\/a><\/li>\n<li>Increasing efficiency beyond renovation \u2013 heating networks, heat pump, domestic hot water, simulation software for energy optimisation.<strong>\u00a0Atlantic<\/strong>, Samuel Berteaux, Charly Bauvard, Corinne Marquerault <a href=\"https:\/\/www.ocova.eu\/wp-content\/uploads\/2026\/02\/2.2-Atalantic.pdf\" target=\"_blank\" rel=\"noopener\"><img loading=\"lazy\" decoding=\"async\" class=\"alignnone\" src=\"http:\/\/www.ocova.eu\/wp-content\/uploads\/2013\/12\/PDF_small_button.png\" alt=\"PDF_dwnld_button\" width=\"45\" height=\"16\" \/><\/a><\/li>\n<li>Economic model: investment simulator for energy renovation works. <strong>Atout France<\/strong>, Guillaume Vogel.<br \/>\n<span style=\"color: #ff6600;\">The presentation is the subject of a live demonstration, see <span style=\"font-size: 18pt; color: #333399;\"><span style=\"font-size: 12pt; color: #ff6600;\"><span style=\"font-size: 10pt;\"><span style=\"font-size: 12pt; color: #ff9900;\"><strong><span style=\"text-decoration: underline;\"><span style=\"color: #000080; text-decoration: underline;\"><a style=\"color: #000080; text-decoration: underline;\" href=\"https:\/\/youtube.com\/live\/SuXXPgtxcVg\" target=\"_blank\" rel=\"noopener\">Youtube<\/a><\/span><\/span><\/strong><\/span><\/span><\/span><\/span><\/span><\/li>\n<li>Round table: Renovation of tourist accommodation: progress and prospects. <strong>Territoire d&#8217;Energie 05, ADEME, Atout France, CDC, Mountain resorts&#8230;<\/strong><\/li>\n<\/ul>\n<hr \/>\n<h4><span style=\"font-size: 12pt;\">15h45-17h00: SESSION 3 <\/span>\u2013 Drones, data acquisition, territorial modelling and mountain operations<\/h4>\n<p><span style=\"color: #ff6600;\">All presentations in this session contain video clips. Please refer to <span style=\"font-size: 18pt; color: #333399;\"><span style=\"font-size: 12pt; color: #ff6600;\"><span style=\"font-size: 10pt;\"><span style=\"font-size: 12pt; color: #ff9900;\"><strong><span style=\"text-decoration: underline;\"><span style=\"color: #000080; text-decoration: underline;\"><a style=\"color: #000080; text-decoration: underline;\" href=\"https:\/\/youtube.com\/live\/SuXXPgtxcVg\" target=\"_blank\" rel=\"noopener\">Youtube<\/a><\/span><\/span><\/strong><\/span><\/span><\/span><\/span>\u00a0Session 3.<\/span><\/p>\n<ul>\n<li>Topographic survey by drone: RTX &#8211; LIDAR &#8211; photogrammetry. <strong>DroneBoost \/ Elda Technology, <\/strong>Benjamin Renault, Nicolas Guibal.<a href=\"https:\/\/www.ocova.eu\/wp-content\/uploads\/2026\/02\/3.1-Sans.pdf\" target=\"_blank\" rel=\"noopener\"><img loading=\"lazy\" decoding=\"async\" class=\"alignnone\" src=\"http:\/\/www.ocova.eu\/wp-content\/uploads\/2013\/12\/PDF_small_button.png\" alt=\"PDF_dwnld_button\" width=\"45\" height=\"16\" \/><\/a><\/li>\n<li>Digital Terrain Model (DTM) application for integration with snow groomers. <strong>Les Orres<\/strong>, Tommy Jung <a href=\"https:\/\/www.ocova.eu\/wp-content\/uploads\/2026\/02\/3.2-Sans.pdf\" target=\"_blank\" rel=\"noopener\"><img loading=\"lazy\" decoding=\"async\" class=\"alignnone\" src=\"http:\/\/www.ocova.eu\/wp-content\/uploads\/2013\/12\/PDF_small_button.png\" alt=\"PDF_dwnld_button\" width=\"45\" height=\"16\" \/><\/a><\/li>\n<li>Digital Terrain Model application for snow production optimisation. <strong>SCV Domaine skiable \/ Elda Technology<\/strong>, Benjamin Faure, Julie Aubert <a href=\"https:\/\/www.ocova.eu\/wp-content\/uploads\/2026\/02\/3.3-Sans.pdf\" target=\"_blank\" rel=\"noopener\"><img loading=\"lazy\" decoding=\"async\" class=\"alignnone\" src=\"http:\/\/www.ocova.eu\/wp-content\/uploads\/2013\/12\/PDF_small_button.png\" alt=\"PDF_dwnld_button\" width=\"45\" height=\"16\" \/><\/a><\/li>\n<li>Drone and 3D modelling, example of the citadel of Sisteron. <strong>Air Libre Prod \/ Le Naturographe<\/strong>, Lo\u00efc Grateau, Michel Boutin <a href=\"https:\/\/www.ocova.eu\/wp-content\/uploads\/2026\/02\/3.4-Sans.pdf\" target=\"_blank\" rel=\"noopener\"><img loading=\"lazy\" decoding=\"async\" class=\"alignnone\" src=\"http:\/\/www.ocova.eu\/wp-content\/uploads\/2013\/12\/PDF_small_button.png\" alt=\"PDF_dwnld_button\" width=\"45\" height=\"16\" \/><\/a><\/li>\n<li>Drones and SAR radar: new capture solutions. <strong>ONERA<\/strong>, Fabrice Cuzieux <a href=\"https:\/\/www.ocova.eu\/wp-content\/uploads\/2026\/02\/3.5-Sans.pdf\" target=\"_blank\" rel=\"noopener\"><img loading=\"lazy\" decoding=\"async\" class=\"alignnone\" src=\"http:\/\/www.ocova.eu\/wp-content\/uploads\/2013\/12\/PDF_small_button.png\" alt=\"PDF_dwnld_button\" width=\"45\" height=\"16\" \/><\/a><\/li>\n<\/ul>\n<hr \/>\n<h4><span style=\"font-size: 12pt;\">17h00-17:15 : CONCLUSION<\/span><\/h4>\n","protected":false},"excerpt":{"rendered":"<p>2026 Programme The presentations are included as non-editable PDF files on the program page. Due to their size, the films cannot be incorporated into the PDF files. To view them (Atos, XiLAB), please refer to the video recording available on OCOVA&#8217;s Youtube channel. 8h30-9h00: Welcome 9h00-9h35: Opening, speeches by officials 9h35-12h15: SESSION 1 \u2013 Digital [&hellip;]<\/p>\n","protected":false},"author":6,"featured_media":0,"parent":4584,"menu_order":0,"comment_status":"closed","ping_status":"closed","template":"","meta":{"_et_pb_use_builder":"","_et_pb_old_content":"<p><span style=\"font-size: 18pt; color: #333399;\">Programme 2026<br \/><span style=\"font-size: 10pt;\">Des modifications sont susceptibles d'intervenir, la page sera mise \u00e0 jour en cas de changement.\u00a0<\/span><\/span><\/p><hr \/><h3><span style=\"font-size: 12pt;\">8h30-9h00 : Accueil<\/span><\/h3><hr \/><h3><span style=\"font-size: 12pt;\">9h00-9h35 : Ouverture, allocutions des autorit\u00e9s<\/span><\/h3><hr \/><h3><span style=\"font-size: 12pt;\">9h35-12h00 : SESSION 1 <\/span>\u2013 <span style=\"font-size: 12pt;\">Outils num\u00e9riques pour la transition \u00e9cologique : Jumeaux Num\u00e9riques Territoriaux<\/span><\/h3><ul><li>Smart montagne et jumeau num\u00e9rique : le vrai, le vraisemblable et l'interop\u00e9rable. <strong>CRGN<\/strong>, Laurence Vanin<\/li><li>Convergence jumeau num\u00e9rique \/ espaces de donn\u00e9es partag\u00e9es. <strong>CEREMA<\/strong>, Sophie Houzet<\/li><li>Quelle place pour les habitants et les acteurs dans les Jumeaux Num\u00e9riques Locaux. <strong>SCIC Tetris,<\/strong> Genevi\u00e8ve Fontaine<\/li><li>Impl\u00e9mentation de Jumeaux Num\u00e9riques pour la gestion de l'eau. <strong>EGM, <\/strong>Gilles Orazi<\/li><li>2 exemples de jumeaux num\u00e9riques en territoire de montagne : pr\u00e9vention et intervention incendie, hydrologie. <strong>Atos<\/strong>, L\u00e9a Duran<\/li><li>Jumeau num\u00e9rique, simulation: entra\u00eenement \u00e0 la crise. <b>CRGN<\/b>, Benjamin Lecointre, Eddie Blanchard<\/li><li>IA Frugale au service des jumeaux num\u00e9riques, <strong>XiLAB<\/strong>, Nicolas Gardan<\/li><li>Jumeau Num\u00e9rique \/ IA : valorisation de la data, \u00e9cosyst\u00e8me, <strong>RIALTY CCI Marseille-Provence<\/strong>, Marguerite Leenhardt<\/li><\/ul><hr \/><h3><span style=\"font-size: 12pt;\">12h00-13h30 : BUFFET, EXPOSITION, NETWORKING<\/span><\/h3><hr \/><h4><span style=\"font-size: 12pt;\">13h30-14h30 : SESSION 2 <\/span>\u2013 <span style=\"font-size: 12pt;\">R\u00e9novation de l'habitat touristique<\/span><\/h4><ul><li>Le point sur les projets R\u00e9novation - avanc\u00e9es, perspectives. <strong>Les Orres \/ ADRET, <\/strong>Laurence Legros, St\u00e9phane Teyssier, Gilles Wegner<\/li><li>Mod\u00e8le \u00e9conomique : simulateur d'investissement des travaux de r\u00e9novation \u00e9nerg\u00e9tique. <strong>Atout France<\/strong>, Guillaume Vogel<\/li><li>Gagner en efficacit\u00e9 au-del\u00e0 de la r\u00e9novation - r\u00e9seaux de chaleur. <strong>Atlantic<\/strong>, Samuel Berteaux<\/li><\/ul><hr \/><h4><span style=\"font-size: 12pt;\">14h30-15h25 : SESSION 3 <\/span>\u2013 <span style=\"font-size: 12pt;\">Energie<\/span><\/h4><p>Flexibilit\u00e9 \u00e9nerg\u00e9tique, perspectives, opportunit\u00e9s, d\u00e9ploiement de solutions en montagne. <strong>RTE, Energy Pool, Stepsol<\/strong> (intervenants \u00e0 confirmer)<\/p><hr \/><h4><span style=\"font-size: 12pt;\">15h40-17h00 : SESSION 4 <\/span>\u2013 Drones, op\u00e9rations et tourisme de montagne<\/h4><ul><li>Relev\u00e9 topographique par drone : RTX - LIDAR - photogramm\u00e9trie. <strong>DroneBoost \/ Elda Technology, <\/strong>Benjamin Renault, ...<\/li><li>Application Mod\u00e8le Num\u00e9rique de Terrain (MNT) pour int\u00e9gration aux dameuses. <strong>Les Orres<\/strong>, Tommy Jung<\/li><li>Application Mod\u00e8le Num\u00e9rique de Terrain pour optimisation de production neige. <strong>SCV Domaine skiable \/ Elda Technology<\/strong>, Benjamin Faure, ...<\/li><li>Drone et maquetting 3D, exemple de la citadelle de Sisteron. <strong>Air Libre Prod \/ Le Naturographe<\/strong>, Lo\u00efc Grateau, Michel Boutin<\/li><li>Drone et radar SAR, nouvelles solutions de captation. <strong>ONERA<\/strong>, Fabrice Cuzieux<\/li><\/ul><hr \/><h4><span style=\"font-size: 12pt;\">17h00-17:15 : CONCLUSION<\/span><\/h4>","_et_gb_content_width":"","footnotes":""},"class_list":["post-5921","page","type-page","status-publish","hentry"],"yoast_head":"<!-- This site is optimized with the Yoast SEO plugin v27.0 - https:\/\/yoast.com\/product\/yoast-seo-wordpress\/ -->\n<title>2026 Programme - Forum OCOVA<\/title>\n<meta name=\"robots\" content=\"index, follow, max-snippet:-1, max-image-preview:large, max-video-preview:-1\" \/>\n<link rel=\"canonical\" href=\"https:\/\/www.ocova.eu\/en\/home-3\/2026-programme\/\" \/>\n<meta property=\"og:locale\" content=\"en_US\" \/>\n<meta property=\"og:type\" content=\"article\" \/>\n<meta property=\"og:title\" content=\"2026 Programme - Forum OCOVA\" \/>\n<meta property=\"og:description\" content=\"2026 Programme The presentations are included as non-editable PDF files on the program page. Due to their size, the films cannot be incorporated into the PDF files. To view them (Atos, XiLAB), please refer to the video recording available on OCOVA&#8217;s Youtube channel. 8h30-9h00: Welcome 9h00-9h35: Opening, speeches by officials 9h35-12h15: SESSION 1 \u2013 Digital [&hellip;]\" \/>\n<meta property=\"og:url\" content=\"https:\/\/www.ocova.eu\/en\/home-3\/2026-programme\/\" \/>\n<meta property=\"og:site_name\" content=\"Forum OCOVA\" \/>\n<meta property=\"article:modified_time\" content=\"2026-02-18T16:28:35+00:00\" \/>\n<meta property=\"og:image\" content=\"http:\/\/www.ocova.eu\/wp-content\/uploads\/2013\/12\/PDF_small_button.png\" \/>\n<meta name=\"twitter:card\" content=\"summary_large_image\" \/>\n<meta name=\"twitter:label1\" content=\"Est. reading time\" \/>\n\t<meta name=\"twitter:data1\" content=\"6 minutes\" \/>\n<script type=\"application\/ld+json\" class=\"yoast-schema-graph\">{\"@context\":\"https:\/\/schema.org\",\"@graph\":[{\"@type\":\"WebPage\",\"@id\":\"https:\/\/www.ocova.eu\/en\/home-3\/2026-programme\/\",\"url\":\"https:\/\/www.ocova.eu\/en\/home-3\/2026-programme\/\",\"name\":\"2026 Programme - Forum OCOVA\",\"isPartOf\":{\"@id\":\"https:\/\/www.ocova.eu\/#website\"},\"primaryImageOfPage\":{\"@id\":\"https:\/\/www.ocova.eu\/en\/home-3\/2026-programme\/#primaryimage\"},\"image\":{\"@id\":\"https:\/\/www.ocova.eu\/en\/home-3\/2026-programme\/#primaryimage\"},\"thumbnailUrl\":\"http:\/\/www.ocova.eu\/wp-content\/uploads\/2013\/12\/PDF_small_button.png\",\"datePublished\":\"2026-01-10T01:30:56+00:00\",\"dateModified\":\"2026-02-18T16:28:35+00:00\",\"breadcrumb\":{\"@id\":\"https:\/\/www.ocova.eu\/en\/home-3\/2026-programme\/#breadcrumb\"},\"inLanguage\":\"en-US\",\"potentialAction\":[{\"@type\":\"ReadAction\",\"target\":[\"https:\/\/www.ocova.eu\/en\/home-3\/2026-programme\/\"]}]},{\"@type\":\"ImageObject\",\"inLanguage\":\"en-US\",\"@id\":\"https:\/\/www.ocova.eu\/en\/home-3\/2026-programme\/#primaryimage\",\"url\":\"http:\/\/www.ocova.eu\/wp-content\/uploads\/2013\/12\/PDF_small_button.png\",\"contentUrl\":\"http:\/\/www.ocova.eu\/wp-content\/uploads\/2013\/12\/PDF_small_button.png\"},{\"@type\":\"BreadcrumbList\",\"@id\":\"https:\/\/www.ocova.eu\/en\/home-3\/2026-programme\/#breadcrumb\",\"itemListElement\":[{\"@type\":\"ListItem\",\"position\":1,\"name\":\"Accueil\",\"item\":\"https:\/\/www.ocova.eu\/en\/\"},{\"@type\":\"ListItem\",\"position\":2,\"name\":\"OCOVA Forum &#8211; Mountains of tomorrow &#8211; 3 February 2026\",\"item\":\"https:\/\/www.ocova.eu\/en\/\"},{\"@type\":\"ListItem\",\"position\":3,\"name\":\"2026 Programme\"}]},{\"@type\":\"WebSite\",\"@id\":\"https:\/\/www.ocova.eu\/#website\",\"url\":\"https:\/\/www.ocova.eu\/\",\"name\":\"Forum OCOVA\",\"description\":\"Smart Mountain for tomorrow\",\"potentialAction\":[{\"@type\":\"SearchAction\",\"target\":{\"@type\":\"EntryPoint\",\"urlTemplate\":\"https:\/\/www.ocova.eu\/?s={search_term_string}\"},\"query-input\":{\"@type\":\"PropertyValueSpecification\",\"valueRequired\":true,\"valueName\":\"search_term_string\"}}],\"inLanguage\":\"en-US\"}]}<\/script>\n<!-- \/ Yoast SEO plugin. -->","yoast_head_json":{"title":"2026 Programme - Forum OCOVA","robots":{"index":"index","follow":"follow","max-snippet":"max-snippet:-1","max-image-preview":"max-image-preview:large","max-video-preview":"max-video-preview:-1"},"canonical":"https:\/\/www.ocova.eu\/en\/home-3\/2026-programme\/","og_locale":"en_US","og_type":"article","og_title":"2026 Programme - Forum OCOVA","og_description":"2026 Programme The presentations are included as non-editable PDF files on the program page. Due to their size, the films cannot be incorporated into the PDF files. To view them (Atos, XiLAB), please refer to the video recording available on OCOVA&#8217;s Youtube channel. 8h30-9h00: Welcome 9h00-9h35: Opening, speeches by officials 9h35-12h15: SESSION 1 \u2013 Digital [&hellip;]","og_url":"https:\/\/www.ocova.eu\/en\/home-3\/2026-programme\/","og_site_name":"Forum OCOVA","article_modified_time":"2026-02-18T16:28:35+00:00","og_image":[{"url":"http:\/\/www.ocova.eu\/wp-content\/uploads\/2013\/12\/PDF_small_button.png","type":"","width":"","height":""}],"twitter_card":"summary_large_image","twitter_misc":{"Est. reading time":"6 minutes"},"schema":{"@context":"https:\/\/schema.org","@graph":[{"@type":"WebPage","@id":"https:\/\/www.ocova.eu\/en\/home-3\/2026-programme\/","url":"https:\/\/www.ocova.eu\/en\/home-3\/2026-programme\/","name":"2026 Programme - Forum OCOVA","isPartOf":{"@id":"https:\/\/www.ocova.eu\/#website"},"primaryImageOfPage":{"@id":"https:\/\/www.ocova.eu\/en\/home-3\/2026-programme\/#primaryimage"},"image":{"@id":"https:\/\/www.ocova.eu\/en\/home-3\/2026-programme\/#primaryimage"},"thumbnailUrl":"http:\/\/www.ocova.eu\/wp-content\/uploads\/2013\/12\/PDF_small_button.png","datePublished":"2026-01-10T01:30:56+00:00","dateModified":"2026-02-18T16:28:35+00:00","breadcrumb":{"@id":"https:\/\/www.ocova.eu\/en\/home-3\/2026-programme\/#breadcrumb"},"inLanguage":"en-US","potentialAction":[{"@type":"ReadAction","target":["https:\/\/www.ocova.eu\/en\/home-3\/2026-programme\/"]}]},{"@type":"ImageObject","inLanguage":"en-US","@id":"https:\/\/www.ocova.eu\/en\/home-3\/2026-programme\/#primaryimage","url":"http:\/\/www.ocova.eu\/wp-content\/uploads\/2013\/12\/PDF_small_button.png","contentUrl":"http:\/\/www.ocova.eu\/wp-content\/uploads\/2013\/12\/PDF_small_button.png"},{"@type":"BreadcrumbList","@id":"https:\/\/www.ocova.eu\/en\/home-3\/2026-programme\/#breadcrumb","itemListElement":[{"@type":"ListItem","position":1,"name":"Accueil","item":"https:\/\/www.ocova.eu\/en\/"},{"@type":"ListItem","position":2,"name":"OCOVA Forum &#8211; Mountains of tomorrow &#8211; 3 February 2026","item":"https:\/\/www.ocova.eu\/en\/"},{"@type":"ListItem","position":3,"name":"2026 Programme"}]},{"@type":"WebSite","@id":"https:\/\/www.ocova.eu\/#website","url":"https:\/\/www.ocova.eu\/","name":"Forum OCOVA","description":"Smart Mountain for tomorrow","potentialAction":[{"@type":"SearchAction","target":{"@type":"EntryPoint","urlTemplate":"https:\/\/www.ocova.eu\/?s={search_term_string}"},"query-input":{"@type":"PropertyValueSpecification","valueRequired":true,"valueName":"search_term_string"}}],"inLanguage":"en-US"}]}},"_links":{"self":[{"href":"https:\/\/www.ocova.eu\/en\/wp-json\/wp\/v2\/pages\/5921","targetHints":{"allow":["GET"]}}],"collection":[{"href":"https:\/\/www.ocova.eu\/en\/wp-json\/wp\/v2\/pages"}],"about":[{"href":"https:\/\/www.ocova.eu\/en\/wp-json\/wp\/v2\/types\/page"}],"author":[{"embeddable":true,"href":"https:\/\/www.ocova.eu\/en\/wp-json\/wp\/v2\/users\/6"}],"replies":[{"embeddable":true,"href":"https:\/\/www.ocova.eu\/en\/wp-json\/wp\/v2\/comments?post=5921"}],"version-history":[{"count":6,"href":"https:\/\/www.ocova.eu\/en\/wp-json\/wp\/v2\/pages\/5921\/revisions"}],"predecessor-version":[{"id":6010,"href":"https:\/\/www.ocova.eu\/en\/wp-json\/wp\/v2\/pages\/5921\/revisions\/6010"}],"up":[{"embeddable":true,"href":"https:\/\/www.ocova.eu\/en\/wp-json\/wp\/v2\/pages\/4584"}],"wp:attachment":[{"href":"https:\/\/www.ocova.eu\/en\/wp-json\/wp\/v2\/media?parent=5921"}],"curies":[{"name":"wp","href":"https:\/\/api.w.org\/{rel}","templated":true}]}}