{"id":5481,"date":"2024-10-03T21:53:35","date_gmt":"2024-10-03T20:53:35","guid":{"rendered":"https:\/\/www.ocova.eu\/?page_id=5481"},"modified":"2025-04-07T15:43:27","modified_gmt":"2025-04-07T14:43:27","slug":"2025-programme","status":"publish","type":"page","link":"https:\/\/www.ocova.eu\/en\/home-3\/2025-programme\/","title":{"rendered":"2025 &#8211; Programme"},"content":{"rendered":"<h4><span style=\"font-size: 12pt;\">8h30-9h00: WELCOME\/REGISTRATION<\/span><\/h4>\n<hr \/>\n<h4><span style=\"font-size: 12pt;\">9h00-9h30: FORUM OPENING BY THE AUTHORITIES<br \/>\n<\/span><\/h4>\n<hr \/>\n<h4><span style=\"font-size: 12pt;\">9h30-11h30 : SESSION 1 <\/span>\u2013 Connected sports, data, AI for sports practice and performance<\/h4>\n<ul>\n<li>Contributions and limitations of DATA in the scientific support of high-level skiers.<strong>F\u00e9d\u00e9ration Fran\u00e7aise de Ski,<\/strong> Nicolas Coulmy<\/li>\n<li>Research and its applications in the service of improving performance and preventing injuries<strong>. Institut des Sciences du Mouvement &#8211; Technosport \/ Facult\u00e9 des Sciences du Sport d&#8217;Aix-Marseille Universit\u00e9<\/strong>, Guillaume Rao<\/li>\n<li>Connected sports equipment and performance. <strong>Rossignol,<\/strong> Xavier Roussin-Bouchard<\/li>\n<li>Innovation in networks for the collection, dissemination and protection of data for sports performance and promotion. <strong>Orange<\/strong>, Philippe Daumas<\/li>\n<li>Technological devices for performance in mountain sports. <strong>ESF des Orres<\/strong>, S\u00e9bastien Aubert <a href=\"https:\/\/www.ocova.eu\/wp-content\/uploads\/2025\/04\/1.5-ESF.pdf\" target=\"_blank\" rel=\"noopener\"><img loading=\"lazy\" decoding=\"async\" class=\"alignnone wp-image-460 size-full\" src=\"http:\/\/www.ocova.eu\/wp-content\/uploads\/2013\/12\/PDF_small_button.png\" alt=\"PDF_dwnld_button\" width=\"45\" height=\"16\" \/><\/a><\/li>\n<li>Sports and disability in the run-up to the 2026 Olympic Games in Milan\/Cortina: Projet Ski-Ability, <strong>Lombardy Region<\/strong>, Leonardo La Rocca <a href=\"https:\/\/www.ocova.eu\/wp-content\/uploads\/2025\/04\/1.6-Lombardie.pdf\" target=\"_blank\" rel=\"noopener\"><img loading=\"lazy\" decoding=\"async\" class=\"alignnone wp-image-460 size-full\" src=\"http:\/\/www.ocova.eu\/wp-content\/uploads\/2013\/12\/PDF_small_button.png\" alt=\"PDF_dwnld_button\" width=\"45\" height=\"16\" \/><\/a><\/li>\n<\/ul>\n<hr \/>\n<h3><span style=\"font-size: 12pt;\">11h50-12h30 : SESSION 2 <\/span>\u2013 <span style=\"font-size: 12pt;\">Data &amp; society<\/span><\/h3>\n<ul>\n<li>Presentation of the <strong>Centre de Recherche de la Gendarmerie Nationale (CRGN)<\/strong> &#8212; Colonel David Bi\u00e8vre <a href=\"https:\/\/www.ocova.eu\/wp-content\/uploads\/2025\/04\/2.1-CRGN.pdf\" target=\"_blank\" rel=\"noopener\"><img loading=\"lazy\" decoding=\"async\" class=\"alignnone wp-image-460 size-full\" src=\"http:\/\/www.ocova.eu\/wp-content\/uploads\/2013\/12\/PDF_small_button.png\" alt=\"PDF_dwnld_button\" width=\"45\" height=\"16\" \/><\/a><\/li>\n<li>Responsibility and ethics in the use of data and its vectors. <strong>CRGN<\/strong>, Laurence Vanin, <a href=\"https:\/\/www.ocova.eu\/wp-content\/uploads\/2025\/04\/2.2-CRGN.pdf\" target=\"_blank\" rel=\"noopener\"><img loading=\"lazy\" decoding=\"async\" class=\"alignnone wp-image-460 size-full\" src=\"http:\/\/www.ocova.eu\/wp-content\/uploads\/2013\/12\/PDF_small_button.png\" alt=\"PDF_dwnld_button\" width=\"45\" height=\"16\" \/><\/a><\/li>\n<\/ul>\n<hr \/>\n<h4><span style=\"font-size: 12pt;\">12h30-12h45 : Signing of the partnership agreement between Les Orres and Aix-Marseille Universit\u00e9<\/span><\/h4>\n<hr \/>\n<h4><span style=\"font-size: 12pt;\">12h45-14h00: BUFFET, EXHIBITION, NETWORKING<\/span><\/h4>\n<hr \/>\n<h4><span style=\"font-size: 12pt;\">14h00-14h30: SESSION 2 (Following)<\/span><\/h4>\n<ul>\n<li>Drone and Search &amp; Rescue project. <strong>CRGN<\/strong>, Commander Thibaut Heckmann, <a href=\"https:\/\/www.ocova.eu\/wp-content\/uploads\/2025\/04\/2.3-CRGN.pdf\" target=\"_blank\" rel=\"noopener\"><img loading=\"lazy\" decoding=\"async\" class=\"alignnone wp-image-460 size-full\" src=\"http:\/\/www.ocova.eu\/wp-content\/uploads\/2013\/12\/PDF_small_button.png\" alt=\"PDF_dwnld_button\" width=\"45\" height=\"16\" \/><\/a><\/li>\n<\/ul>\n<hr \/>\n<h4><span style=\"font-size: 12pt;\">14h30-17h10: SESSION 3 \u2013 <\/span>Data and AI for water management in the territories<\/h4>\n<ul>\n<li>Hydrological, geophysical and meteorological data for flood risk forecasting: Constell&#8217;eau project. <strong>CEA<\/strong>, Paul-Vincent Bonzom, Sabine Bodei, <a href=\"https:\/\/www.ocova.eu\/wp-content\/uploads\/2025\/04\/3.1_CEA.pdf\" target=\"_blank\" rel=\"noopener\"><img loading=\"lazy\" decoding=\"async\" class=\"alignnone wp-image-460 size-full\" src=\"http:\/\/www.ocova.eu\/wp-content\/uploads\/2013\/12\/PDF_small_button.png\" alt=\"PDF_dwnld_button\" width=\"45\" height=\"16\" \/><\/a><\/li>\n<li>Preventing the risk of drought using AI models in the Mediterranean: the Germ of Life project.. <strong>Atos<\/strong>, L\u00e9a Duran, <a href=\"https:\/\/www.ocova.eu\/wp-content\/uploads\/2025\/04\/3.2-Atos.pdf\" target=\"_blank\" rel=\"noopener\"><img loading=\"lazy\" decoding=\"async\" class=\"alignnone wp-image-460 size-full\" src=\"http:\/\/www.ocova.eu\/wp-content\/uploads\/2013\/12\/PDF_small_button.png\" alt=\"PDF_dwnld_button\" width=\"45\" height=\"16\" \/><\/a><\/li>\n<li>Acquisition, data aggregation and AI for the territorial management of water resources. <strong>Veolia, <a href=\"https:\/\/www.ocova.eu\/wp-content\/uploads\/2025\/04\/3.3_Veolia.pdf\" target=\"_blank\" rel=\"noopener\"><img loading=\"lazy\" decoding=\"async\" class=\"alignnone wp-image-460 size-full\" src=\"http:\/\/www.ocova.eu\/wp-content\/uploads\/2013\/12\/PDF_small_button.png\" alt=\"PDF_dwnld_button\" width=\"45\" height=\"16\" \/><\/a><\/strong><\/li>\n<li>Assessment of available water resources taking climate change into account: modelling tools and the example of the Durance. <strong>EDF,<\/strong> Audrey Valery, <a href=\"https:\/\/www.ocova.eu\/wp-content\/uploads\/2025\/04\/3.4-EDF-vF.pdf\" target=\"_blank\" rel=\"noopener\"><img loading=\"lazy\" decoding=\"async\" class=\"alignnone wp-image-460 size-full\" src=\"http:\/\/www.ocova.eu\/wp-content\/uploads\/2013\/12\/PDF_small_button.png\" alt=\"PDF_dwnld_button\" width=\"45\" height=\"16\" \/><\/a><\/li>\n<li>Climate change in water availability and demand in a mountain winter sports resort. <strong>Abest\/M\u00e9t\u00e9o France<\/strong>, Carlo Carmagnola<\/li>\n<li>Measures to optimise operations and reduce water consumption and energy for snowmaking: the example of Les Orres. <strong>Semlore<\/strong>, Tommy Jung, <a href=\"https:\/\/www.ocova.eu\/wp-content\/uploads\/2025\/04\/4.2-LesOrres.pdf\" target=\"_blank\" rel=\"noopener\"><img loading=\"lazy\" decoding=\"async\" class=\"alignnone wp-image-460 size-full\" src=\"http:\/\/www.ocova.eu\/wp-content\/uploads\/2013\/12\/PDF_small_button.png\" alt=\"PDF_dwnld_button\" width=\"45\" height=\"16\" \/><\/a><\/li>\n<\/ul>\n<hr \/>\n<p>&nbsp;<\/p>\n","protected":false},"excerpt":{"rendered":"<p>8h30-9h00: WELCOME\/REGISTRATION 9h00-9h30: FORUM OPENING BY THE AUTHORITIES 9h30-11h30 : SESSION 1 \u2013 Connected sports, data, AI for sports practice and performance Contributions and limitations of DATA in the scientific support of high-level skiers.F\u00e9d\u00e9ration Fran\u00e7aise de Ski, Nicolas Coulmy Research and its applications in the service of improving performance and preventing injuries. Institut des Sciences [&hellip;]<\/p>\n","protected":false},"author":6,"featured_media":0,"parent":4584,"menu_order":0,"comment_status":"closed","ping_status":"closed","template":"","meta":{"_et_pb_use_builder":"","_et_pb_old_content":"","_et_gb_content_width":"","footnotes":""},"class_list":["post-5481","page","type-page","status-publish","hentry"],"yoast_head":"<!-- This site is optimized with the Yoast SEO plugin v27.0 - https:\/\/yoast.com\/product\/yoast-seo-wordpress\/ -->\n<title>2025 - Programme - Forum OCOVA<\/title>\n<meta name=\"robots\" content=\"index, follow, max-snippet:-1, max-image-preview:large, max-video-preview:-1\" \/>\n<link rel=\"canonical\" href=\"https:\/\/www.ocova.eu\/en\/home\/2025-programme\/\" \/>\n<meta property=\"og:locale\" content=\"en_US\" \/>\n<meta property=\"og:type\" content=\"article\" \/>\n<meta property=\"og:title\" content=\"2025 - Programme - Forum OCOVA\" \/>\n<meta property=\"og:description\" content=\"8h30-9h00: WELCOME\/REGISTRATION 9h00-9h30: FORUM OPENING BY THE AUTHORITIES 9h30-11h30 : SESSION 1 \u2013 Connected sports, data, AI for sports practice and performance Contributions and limitations of DATA in the scientific support of high-level skiers.F\u00e9d\u00e9ration Fran\u00e7aise de Ski, Nicolas Coulmy Research and its applications in the service of improving performance and preventing injuries. Institut des Sciences [&hellip;]\" \/>\n<meta property=\"og:url\" content=\"https:\/\/www.ocova.eu\/en\/home\/2025-programme\/\" \/>\n<meta property=\"og:site_name\" content=\"Forum OCOVA\" \/>\n<meta property=\"article:modified_time\" content=\"2025-04-07T14:43:27+00:00\" \/>\n<meta property=\"og:image\" content=\"https:\/\/www.ocova.eu\/wp-content\/uploads\/2013\/11\/PDF_dwnld_button.png\" \/>\n\t<meta property=\"og:image:width\" content=\"120\" \/>\n\t<meta property=\"og:image:height\" content=\"16\" \/>\n\t<meta property=\"og:image:type\" content=\"image\/png\" \/>\n<meta name=\"twitter:card\" content=\"summary_large_image\" \/>\n<meta name=\"twitter:label1\" content=\"Est. reading time\" \/>\n\t<meta name=\"twitter:data1\" content=\"4 minutes\" \/>\n<script type=\"application\/ld+json\" class=\"yoast-schema-graph\">{\"@context\":\"https:\/\/schema.org\",\"@graph\":[{\"@type\":\"WebPage\",\"@id\":\"https:\/\/www.ocova.eu\/en\/home\/2025-programme\/\",\"url\":\"https:\/\/www.ocova.eu\/en\/home\/2025-programme\/\",\"name\":\"2025 - Programme - Forum OCOVA\",\"isPartOf\":{\"@id\":\"https:\/\/www.ocova.eu\/#website\"},\"primaryImageOfPage\":{\"@id\":\"https:\/\/www.ocova.eu\/en\/home\/2025-programme\/#primaryimage\"},\"image\":{\"@id\":\"https:\/\/www.ocova.eu\/en\/home\/2025-programme\/#primaryimage\"},\"thumbnailUrl\":\"http:\/\/www.ocova.eu\/wp-content\/uploads\/2013\/12\/PDF_small_button.png\",\"datePublished\":\"2024-10-03T20:53:35+00:00\",\"dateModified\":\"2025-04-07T14:43:27+00:00\",\"breadcrumb\":{\"@id\":\"https:\/\/www.ocova.eu\/en\/home\/2025-programme\/#breadcrumb\"},\"inLanguage\":\"en-US\",\"potentialAction\":[{\"@type\":\"ReadAction\",\"target\":[\"https:\/\/www.ocova.eu\/en\/home\/2025-programme\/\"]}]},{\"@type\":\"ImageObject\",\"inLanguage\":\"en-US\",\"@id\":\"https:\/\/www.ocova.eu\/en\/home\/2025-programme\/#primaryimage\",\"url\":\"http:\/\/www.ocova.eu\/wp-content\/uploads\/2013\/12\/PDF_small_button.png\",\"contentUrl\":\"http:\/\/www.ocova.eu\/wp-content\/uploads\/2013\/12\/PDF_small_button.png\"},{\"@type\":\"BreadcrumbList\",\"@id\":\"https:\/\/www.ocova.eu\/en\/home\/2025-programme\/#breadcrumb\",\"itemListElement\":[{\"@type\":\"ListItem\",\"position\":1,\"name\":\"Accueil\",\"item\":\"https:\/\/www.ocova.eu\/en\/\"},{\"@type\":\"ListItem\",\"position\":2,\"name\":\"OCOVA Forum &#8211; Mountains of tomorrow &#8211; 3 February 2026\",\"item\":\"https:\/\/www.ocova.eu\/en\/\"},{\"@type\":\"ListItem\",\"position\":3,\"name\":\"2025 &#8211; Programme\"}]},{\"@type\":\"WebSite\",\"@id\":\"https:\/\/www.ocova.eu\/#website\",\"url\":\"https:\/\/www.ocova.eu\/\",\"name\":\"Forum OCOVA\",\"description\":\"Smart Mountain for tomorrow\",\"potentialAction\":[{\"@type\":\"SearchAction\",\"target\":{\"@type\":\"EntryPoint\",\"urlTemplate\":\"https:\/\/www.ocova.eu\/?s={search_term_string}\"},\"query-input\":{\"@type\":\"PropertyValueSpecification\",\"valueRequired\":true,\"valueName\":\"search_term_string\"}}],\"inLanguage\":\"en-US\"}]}<\/script>\n<!-- \/ Yoast SEO plugin. -->","yoast_head_json":{"title":"2025 - Programme - Forum OCOVA","robots":{"index":"index","follow":"follow","max-snippet":"max-snippet:-1","max-image-preview":"max-image-preview:large","max-video-preview":"max-video-preview:-1"},"canonical":"https:\/\/www.ocova.eu\/en\/home\/2025-programme\/","og_locale":"en_US","og_type":"article","og_title":"2025 - Programme - Forum OCOVA","og_description":"8h30-9h00: WELCOME\/REGISTRATION 9h00-9h30: FORUM OPENING BY THE AUTHORITIES 9h30-11h30 : SESSION 1 \u2013 Connected sports, data, AI for sports practice and performance Contributions and limitations of DATA in the scientific support of high-level skiers.F\u00e9d\u00e9ration Fran\u00e7aise de Ski, Nicolas Coulmy Research and its applications in the service of improving performance and preventing injuries. Institut des Sciences [&hellip;]","og_url":"https:\/\/www.ocova.eu\/en\/home\/2025-programme\/","og_site_name":"Forum OCOVA","article_modified_time":"2025-04-07T14:43:27+00:00","og_image":[{"width":120,"height":16,"url":"https:\/\/www.ocova.eu\/wp-content\/uploads\/2013\/11\/PDF_dwnld_button.png","type":"image\/png"}],"twitter_card":"summary_large_image","twitter_misc":{"Est. reading time":"4 minutes"},"schema":{"@context":"https:\/\/schema.org","@graph":[{"@type":"WebPage","@id":"https:\/\/www.ocova.eu\/en\/home\/2025-programme\/","url":"https:\/\/www.ocova.eu\/en\/home\/2025-programme\/","name":"2025 - Programme - Forum OCOVA","isPartOf":{"@id":"https:\/\/www.ocova.eu\/#website"},"primaryImageOfPage":{"@id":"https:\/\/www.ocova.eu\/en\/home\/2025-programme\/#primaryimage"},"image":{"@id":"https:\/\/www.ocova.eu\/en\/home\/2025-programme\/#primaryimage"},"thumbnailUrl":"http:\/\/www.ocova.eu\/wp-content\/uploads\/2013\/12\/PDF_small_button.png","datePublished":"2024-10-03T20:53:35+00:00","dateModified":"2025-04-07T14:43:27+00:00","breadcrumb":{"@id":"https:\/\/www.ocova.eu\/en\/home\/2025-programme\/#breadcrumb"},"inLanguage":"en-US","potentialAction":[{"@type":"ReadAction","target":["https:\/\/www.ocova.eu\/en\/home\/2025-programme\/"]}]},{"@type":"ImageObject","inLanguage":"en-US","@id":"https:\/\/www.ocova.eu\/en\/home\/2025-programme\/#primaryimage","url":"http:\/\/www.ocova.eu\/wp-content\/uploads\/2013\/12\/PDF_small_button.png","contentUrl":"http:\/\/www.ocova.eu\/wp-content\/uploads\/2013\/12\/PDF_small_button.png"},{"@type":"BreadcrumbList","@id":"https:\/\/www.ocova.eu\/en\/home\/2025-programme\/#breadcrumb","itemListElement":[{"@type":"ListItem","position":1,"name":"Accueil","item":"https:\/\/www.ocova.eu\/en\/"},{"@type":"ListItem","position":2,"name":"OCOVA Forum &#8211; Mountains of tomorrow &#8211; 3 February 2026","item":"https:\/\/www.ocova.eu\/en\/"},{"@type":"ListItem","position":3,"name":"2025 &#8211; Programme"}]},{"@type":"WebSite","@id":"https:\/\/www.ocova.eu\/#website","url":"https:\/\/www.ocova.eu\/","name":"Forum OCOVA","description":"Smart Mountain for tomorrow","potentialAction":[{"@type":"SearchAction","target":{"@type":"EntryPoint","urlTemplate":"https:\/\/www.ocova.eu\/?s={search_term_string}"},"query-input":{"@type":"PropertyValueSpecification","valueRequired":true,"valueName":"search_term_string"}}],"inLanguage":"en-US"}]}},"_links":{"self":[{"href":"https:\/\/www.ocova.eu\/en\/wp-json\/wp\/v2\/pages\/5481","targetHints":{"allow":["GET"]}}],"collection":[{"href":"https:\/\/www.ocova.eu\/en\/wp-json\/wp\/v2\/pages"}],"about":[{"href":"https:\/\/www.ocova.eu\/en\/wp-json\/wp\/v2\/types\/page"}],"author":[{"embeddable":true,"href":"https:\/\/www.ocova.eu\/en\/wp-json\/wp\/v2\/users\/6"}],"replies":[{"embeddable":true,"href":"https:\/\/www.ocova.eu\/en\/wp-json\/wp\/v2\/comments?post=5481"}],"version-history":[{"count":15,"href":"https:\/\/www.ocova.eu\/en\/wp-json\/wp\/v2\/pages\/5481\/revisions"}],"predecessor-version":[{"id":5669,"href":"https:\/\/www.ocova.eu\/en\/wp-json\/wp\/v2\/pages\/5481\/revisions\/5669"}],"up":[{"embeddable":true,"href":"https:\/\/www.ocova.eu\/en\/wp-json\/wp\/v2\/pages\/4584"}],"wp:attachment":[{"href":"https:\/\/www.ocova.eu\/en\/wp-json\/wp\/v2\/media?parent=5481"}],"curies":[{"name":"wp","href":"https:\/\/api.w.org\/{rel}","templated":true}]}}