{"id":5309,"date":"2024-01-11T01:00:34","date_gmt":"2024-01-11T00:00:34","guid":{"rendered":"https:\/\/www.ocova.eu\/?page_id=5309"},"modified":"2024-02-13T01:50:49","modified_gmt":"2024-02-13T00:50:49","slug":"2024-programme","status":"publish","type":"page","link":"https:\/\/www.ocova.eu\/en\/home-3\/2024-programme\/","title":{"rendered":"2024 Programme"},"content":{"rendered":"<h4><span style=\"font-size: 12pt;\">8h30-9h00: Welcome \/ registration<\/span><\/h4>\n<hr \/>\n<h4><span style=\"font-size: 12pt;\">9h00-9h45: Opening, speeches by the authorities<\/span><\/h4>\n<p><span style=\"font-size: 10pt;\">Pierre Vollaire, Mayor of Les Orres, Vice-chairman of ANMSM.; Jean-Marie Bernard, President\u00a0 of the Hautes-Alpes; Renaud Muselier, President of the\u00a0 Provence-Alpes-C\u00f4te d&#8217;Azur Region; Jean-Michel Arnaud, Senator for the Hautes-Alpes; Jo\u00ebl Giraud, Member of the Parliament for the Hautes-Alpes; Dominique Dufour, Prefect of the Hautes-Alpes.<\/span><\/p>\n<hr \/>\n<h4><span style=\"font-size: 12pt;\">9h45-10h50: SESSION 1 <\/span>\u2013 Energy transition<\/h4>\n<ul style=\"list-style-type: square;\">\n<li>Deployment of photovoltaic systems in mountain areas: examples of projects, obstacles to deployment, developments and perspectives \u2013 Xavier Duport (Sunwind Energy) <a href=\"https:\/\/www.ocova.eu\/wp-content\/uploads\/2024\/02\/1-1-Sunwind-v2.pdf\" target=\"_blank\" rel=\"noopener\"><img loading=\"lazy\" decoding=\"async\" class=\"alignnone wp-image-460 size-full\" src=\"http:\/\/www.ocova.eu\/wp-content\/uploads\/2013\/12\/PDF_small_button.png\" alt=\"PDF_dwnld_button\" width=\"45\" height=\"16\" \/><\/a><\/li>\n<li>Mobility management and ski resort accessibility \u2013 Leonardo La Rocca (Regione Lombardia, IT) <a href=\"https:\/\/www.ocova.eu\/wp-content\/uploads\/2024\/02\/1-2-Lombardy.pdf\" target=\"_blank\" rel=\"noopener\"><img loading=\"lazy\" decoding=\"async\" class=\"alignnone wp-image-460 size-full\" src=\"http:\/\/www.ocova.eu\/wp-content\/uploads\/2013\/12\/PDF_small_button.png\" alt=\"PDF_dwnld_button\" width=\"45\" height=\"16\" \/><\/a><\/li>\n<li>Reducing greenhouse gas emissions from operations \u2013 Olivier Barts (GSA)\u00a0 <a href=\"https:\/\/www.ocova.eu\/wp-content\/uploads\/2024\/02\/1-3-GSA.pdf\" target=\"_blank\" rel=\"noopener\"><img loading=\"lazy\" decoding=\"async\" class=\"alignnone wp-image-460 size-full\" src=\"http:\/\/www.ocova.eu\/wp-content\/uploads\/2013\/12\/PDF_small_button.png\" alt=\"PDF_dwnld_button\" width=\"45\" height=\"16\" \/><\/a><\/li>\n<li>Q&amp;A<\/li>\n<\/ul>\n<hr \/>\n<h4><span style=\"font-size: 12pt;\">10h50-11h40: SESSION 2 <\/span>\u2013 Renovation of tourist accomodation<\/h4>\n<ul style=\"list-style-type: square;\">\n<li>Tourist housing in mountain resorts: an update on regulations and actions \u2013 Sylvain Charlot (Atout France) <a href=\"https:\/\/www.ocova.eu\/wp-content\/uploads\/2024\/02\/2-1-AtoutFrance.pdf\" target=\"_blank\" rel=\"noopener\"><img loading=\"lazy\" decoding=\"async\" class=\"alignnone wp-image-460 size-full\" src=\"http:\/\/www.ocova.eu\/wp-content\/uploads\/2013\/12\/PDF_small_button.png\" alt=\"PDF_dwnld_button\" width=\"45\" height=\"16\" \/><\/a><\/li>\n<li>Tourist housing in mountain resorts: a technological update on renovation and energy optimization \u2013 Michel Daniel (Saint-Gobain) <a href=\"https:\/\/www.ocova.eu\/wp-content\/uploads\/2024\/02\/2-2-StGobain.pdf\" target=\"_blank\" rel=\"noopener\"><img loading=\"lazy\" decoding=\"async\" class=\"alignnone wp-image-460 size-full\" src=\"http:\/\/www.ocova.eu\/wp-content\/uploads\/2013\/12\/PDF_small_button.png\" alt=\"PDF_dwnld_button\" width=\"45\" height=\"16\" \/><\/a><\/li>\n<li>Q&amp;A<\/li>\n<\/ul>\n<hr \/>\n<h4><span style=\"font-size: 12pt;\">11h40-12h35: SESSION 3 <\/span>\u2013\u00a0<span style=\"font-size: 12pt;\">Drone operations in mountains (1)<\/span><\/h4>\n<ul style=\"list-style-type: square;\">\n<li>Introduction and outline of objectives \u2013 CEDM, Pierre Vollaire (Les Orres)\u00a0 <a href=\"https:\/\/www.ocova.eu\/wp-content\/uploads\/2024\/02\/3-1-CEDM-Operation-drones-en-montagne.pdf\" target=\"_blank\" rel=\"noopener\"><img loading=\"lazy\" decoding=\"async\" class=\"alignnone wp-image-460 size-full\" src=\"http:\/\/www.ocova.eu\/wp-content\/uploads\/2013\/12\/PDF_small_button.png\" alt=\"PDF_dwnld_button\" width=\"45\" height=\"16\" \/><\/a><\/li>\n<li>Drones in Les Orres: prospects and experience \u2013 Tommy Jung &amp; St\u00e9phane Henry (Semlore) <a href=\"https:\/\/www.ocova.eu\/wp-content\/uploads\/2024\/02\/3-2-SEMLORE-Le-drone-aux-Orres.pdf\" target=\"_blank\" rel=\"noopener\"><img loading=\"lazy\" decoding=\"async\" class=\"alignnone wp-image-460 size-full\" src=\"http:\/\/www.ocova.eu\/wp-content\/uploads\/2013\/12\/PDF_small_button.png\" alt=\"PDF_dwnld_button\" width=\"45\" height=\"16\" \/><\/a><\/li>\n<li>Mountain safety &amp; rescue: first-hand accounts and global vision \u2013 CEDM <a href=\"https:\/\/www.ocova.eu\/wp-content\/uploads\/2024\/02\/3-3-CEDM-Secours-en-Montagne.pdf\" target=\"_blank\" rel=\"noopener\"><img loading=\"lazy\" decoding=\"async\" class=\"alignnone wp-image-460 size-full\" src=\"http:\/\/www.ocova.eu\/wp-content\/uploads\/2013\/12\/PDF_small_button.png\" alt=\"PDF_dwnld_button\" width=\"45\" height=\"16\" \/><\/a><\/li>\n<li>Q&amp;A<\/li>\n<\/ul>\n<hr \/>\n<h4><span style=\"font-size: 12pt;\">12h35-14h00: BUFFET, EXHIBITION, NETWORKING<\/span><\/h4>\n<hr \/>\n<h4><span style=\"font-size: 12pt;\">14h00-15h00: SESSION 3 <\/span>\u2013 <span style=\"font-size: 12pt;\">Drone operations in mountains<\/span><span style=\"font-size: 12pt;\">\u00a0(2)<\/span><\/h4>\n<ul style=\"list-style-type: square;\">\n<li>Audiovisual use and filming \u2013 Ga\u00ebtan Barth\u00e9l\u00e9my (Movement Productions), Christophe Rosanvallon<\/li>\n<li>Snow depth measurement and snow optimisation \u2013 Benjamin Faure (Serre Chevalier), Julie Aubert (Elda Technologies) <a href=\"https:\/\/www.ocova.eu\/wp-content\/uploads\/2024\/02\/3-4-ELDA-TECHNOLOGY_SCV.pdf\" target=\"_blank\" rel=\"noopener\"><img loading=\"lazy\" decoding=\"async\" class=\"alignnone wp-image-460 size-full\" src=\"http:\/\/www.ocova.eu\/wp-content\/uploads\/2013\/12\/PDF_small_button.png\" alt=\"PDF_dwnld_button\" width=\"45\" height=\"16\" \/><\/a><\/li>\n<li>Operations in complex environments: testimonials from ski resorts \u2013 Timoth\u00e9e Bondu (Tignes), C\u00e9dric Perretier (Courchevel) <a href=\"https:\/\/www.ocova.eu\/wp-content\/uploads\/2024\/02\/3-5-TIGNES_Courchevel.pdf\" target=\"_blank\" rel=\"noopener\"><img loading=\"lazy\" decoding=\"async\" class=\"alignnone wp-image-460 size-full\" src=\"http:\/\/www.ocova.eu\/wp-content\/uploads\/2013\/12\/PDF_small_button.png\" alt=\"PDF_dwnld_button\" width=\"45\" height=\"16\" \/><\/a><\/li>\n<li>Procedures for deploying drones in ski areas \u2013 Thierry de Boisvilliers (CEDM) <a href=\"https:\/\/www.ocova.eu\/wp-content\/uploads\/2024\/02\/3-6-CEDM.pdf\" target=\"_blank\" rel=\"noopener\"><img loading=\"lazy\" decoding=\"async\" class=\"alignnone wp-image-460 size-full\" src=\"http:\/\/www.ocova.eu\/wp-content\/uploads\/2013\/12\/PDF_small_button.png\" alt=\"PDF_dwnld_button\" width=\"45\" height=\"16\" \/><\/a><\/li>\n<li>Q&amp;A<\/li>\n<\/ul>\n<hr \/>\n<h4><span style=\"font-size: 12pt;\">15h00-16h10: SESSION 4 <\/span>\u2013 Exploiting and leveraging field data<\/h4>\n<ul style=\"list-style-type: square;\">\n<li>Meeting the needs of mountain areas: from multi-source data collection to GIS applications \u2013 Andrea Mayer (ARENA PistenManagement, AU) <a href=\"https:\/\/www.ocova.eu\/wp-content\/uploads\/2024\/02\/4-1-ARENA.pdf\" target=\"_blank\" rel=\"noopener\"><img loading=\"lazy\" decoding=\"async\" class=\"alignnone wp-image-460 size-full\" src=\"http:\/\/www.ocova.eu\/wp-content\/uploads\/2013\/12\/PDF_small_button.png\" alt=\"PDF_dwnld_button\" width=\"45\" height=\"16\" \/><\/a><\/li>\n<li>The SEDIMARK project: data quality and valorisation for water management \u2013 Franck Le Gall &amp; Gilles Orazi (EGM) <a href=\"https:\/\/www.ocova.eu\/wp-content\/uploads\/2024\/02\/4-2-EGM-OCOVA.pdf\" target=\"_blank\" rel=\"noopener\"><img loading=\"lazy\" decoding=\"async\" class=\"alignnone wp-image-460 size-full\" src=\"http:\/\/www.ocova.eu\/wp-content\/uploads\/2013\/12\/PDF_small_button.png\" alt=\"PDF_dwnld_button\" width=\"45\" height=\"16\" \/><\/a><\/li>\n<li>The Scottish Water project: data processing, AI, and exploitation \u2013 Yannick Lecroart (Atos) <a href=\"https:\/\/www.ocova.eu\/wp-content\/uploads\/2024\/02\/4-3-Atos-v2.pdf\" target=\"_blank\" rel=\"noopener\"><img loading=\"lazy\" decoding=\"async\" class=\"alignnone wp-image-460 size-full\" src=\"http:\/\/www.ocova.eu\/wp-content\/uploads\/2013\/12\/PDF_small_button.png\" alt=\"PDF_dwnld_button\" width=\"45\" height=\"16\" \/><\/a><\/li>\n<li>Q&amp;A<\/li>\n<\/ul>\n<hr \/>\n<h4><span style=\"font-size: 12pt;\">16h10-17h30: SESSION 5 <\/span>\u2013 <span style=\"font-size: 12pt;\">Data sharing for territorial management<\/span><\/h4>\n<ul style=\"list-style-type: square;\">\n<li>Clim&#8217;Eau project: forecasting tools for regional water management \u2013 (Provence-Alpes-C\u00f4te d&#8217;Azur Region) <a href=\"https:\/\/www.ocova.eu\/wp-content\/uploads\/2024\/02\/5-1-Sud-.pdf\" target=\"_blank\" rel=\"noopener\"><img loading=\"lazy\" decoding=\"async\" class=\"alignnone wp-image-460 size-full\" src=\"http:\/\/www.ocova.eu\/wp-content\/uploads\/2013\/12\/PDF_small_button.png\" alt=\"PDF_dwnld_button\" width=\"45\" height=\"16\" \/><\/a><\/li>\n<li>Integrated territorial investment \u2013 Leonardo La Rocca (Regione Lombardia, IT) <a href=\"https:\/\/www.ocova.eu\/wp-content\/uploads\/2024\/02\/5-2-LombardyCISA.pdf\" target=\"_blank\" rel=\"noopener\"><img loading=\"lazy\" decoding=\"async\" class=\"alignnone wp-image-460 size-full\" src=\"http:\/\/www.ocova.eu\/wp-content\/uploads\/2013\/12\/PDF_small_button.png\" alt=\"PDF_dwnld_button\" width=\"45\" height=\"16\" \/><\/a><\/li>\n<li>The transborder project OBSERV&#8217;ALP \u2013 Bertrand Fribourg (Provence-Alpes-C\u00f4te d&#8217;Azur Region), Fabrizio Ceccarelli (Agence Urbanisme Azur\u00e9enne) <a href=\"https:\/\/www.ocova.eu\/wp-content\/uploads\/2024\/02\/5-3-Observalp.pdf\" target=\"_blank\" rel=\"noopener\"><img loading=\"lazy\" decoding=\"async\" class=\"alignnone wp-image-460 size-full\" src=\"http:\/\/www.ocova.eu\/wp-content\/uploads\/2013\/12\/PDF_small_button.png\" alt=\"PDF_dwnld_button\" width=\"45\" height=\"16\" \/><\/a><\/li>\n<\/ul>\n<hr \/>\n<p>&nbsp;<\/p>\n","protected":false},"excerpt":{"rendered":"<p>8h30-9h00: Welcome \/ registration 9h00-9h45: Opening, speeches by the authorities Pierre Vollaire, Mayor of Les Orres, Vice-chairman of ANMSM.; Jean-Marie Bernard, President\u00a0 of the Hautes-Alpes; Renaud Muselier, President of the\u00a0 Provence-Alpes-C\u00f4te d&#8217;Azur Region; Jean-Michel Arnaud, Senator for the Hautes-Alpes; Jo\u00ebl Giraud, Member of the Parliament for the Hautes-Alpes; Dominique Dufour, Prefect of the Hautes-Alpes. 9h45-10h50: [&hellip;]<\/p>\n","protected":false},"author":6,"featured_media":0,"parent":4584,"menu_order":0,"comment_status":"closed","ping_status":"closed","template":"","meta":{"_et_pb_use_builder":"","_et_pb_old_content":"","_et_gb_content_width":"","footnotes":""},"class_list":["post-5309","page","type-page","status-publish","hentry"],"yoast_head":"<!-- This site is optimized with the Yoast SEO plugin v27.0 - https:\/\/yoast.com\/product\/yoast-seo-wordpress\/ -->\n<title>2024 Programme - Forum OCOVA<\/title>\n<meta name=\"robots\" content=\"index, follow, max-snippet:-1, max-image-preview:large, max-video-preview:-1\" \/>\n<link rel=\"canonical\" href=\"https:\/\/www.ocova.eu\/en\/home\/2024-programme\/\" \/>\n<meta property=\"og:locale\" content=\"en_US\" \/>\n<meta property=\"og:type\" content=\"article\" \/>\n<meta property=\"og:title\" content=\"2024 Programme - Forum OCOVA\" \/>\n<meta property=\"og:description\" content=\"8h30-9h00: Welcome \/ registration 9h00-9h45: Opening, speeches by the authorities Pierre Vollaire, Mayor of Les Orres, Vice-chairman of ANMSM.; Jean-Marie Bernard, President\u00a0 of the Hautes-Alpes; Renaud Muselier, President of the\u00a0 Provence-Alpes-C\u00f4te d&#8217;Azur Region; Jean-Michel Arnaud, Senator for the Hautes-Alpes; Jo\u00ebl Giraud, Member of the Parliament for the Hautes-Alpes; Dominique Dufour, Prefect of the Hautes-Alpes. 9h45-10h50: [&hellip;]\" \/>\n<meta property=\"og:url\" content=\"https:\/\/www.ocova.eu\/en\/home\/2024-programme\/\" \/>\n<meta property=\"og:site_name\" content=\"Forum OCOVA\" \/>\n<meta property=\"article:modified_time\" content=\"2024-02-13T00:50:49+00:00\" \/>\n<meta property=\"og:image\" content=\"http:\/\/www.ocova.eu\/wp-content\/uploads\/2013\/12\/PDF_small_button.png\" \/>\n<meta name=\"twitter:card\" content=\"summary_large_image\" \/>\n<meta name=\"twitter:label1\" content=\"Est. reading time\" \/>\n\t<meta name=\"twitter:data1\" content=\"5 minutes\" \/>\n<script type=\"application\/ld+json\" class=\"yoast-schema-graph\">{\"@context\":\"https:\/\/schema.org\",\"@graph\":[{\"@type\":\"WebPage\",\"@id\":\"https:\/\/www.ocova.eu\/en\/home\/2024-programme\/\",\"url\":\"https:\/\/www.ocova.eu\/en\/home\/2024-programme\/\",\"name\":\"2024 Programme - Forum OCOVA\",\"isPartOf\":{\"@id\":\"https:\/\/www.ocova.eu\/#website\"},\"primaryImageOfPage\":{\"@id\":\"https:\/\/www.ocova.eu\/en\/home\/2024-programme\/#primaryimage\"},\"image\":{\"@id\":\"https:\/\/www.ocova.eu\/en\/home\/2024-programme\/#primaryimage\"},\"thumbnailUrl\":\"http:\/\/www.ocova.eu\/wp-content\/uploads\/2013\/12\/PDF_small_button.png\",\"datePublished\":\"2024-01-11T00:00:34+00:00\",\"dateModified\":\"2024-02-13T00:50:49+00:00\",\"breadcrumb\":{\"@id\":\"https:\/\/www.ocova.eu\/en\/home\/2024-programme\/#breadcrumb\"},\"inLanguage\":\"en-US\",\"potentialAction\":[{\"@type\":\"ReadAction\",\"target\":[\"https:\/\/www.ocova.eu\/en\/home\/2024-programme\/\"]}]},{\"@type\":\"ImageObject\",\"inLanguage\":\"en-US\",\"@id\":\"https:\/\/www.ocova.eu\/en\/home\/2024-programme\/#primaryimage\",\"url\":\"http:\/\/www.ocova.eu\/wp-content\/uploads\/2013\/12\/PDF_small_button.png\",\"contentUrl\":\"http:\/\/www.ocova.eu\/wp-content\/uploads\/2013\/12\/PDF_small_button.png\"},{\"@type\":\"BreadcrumbList\",\"@id\":\"https:\/\/www.ocova.eu\/en\/home\/2024-programme\/#breadcrumb\",\"itemListElement\":[{\"@type\":\"ListItem\",\"position\":1,\"name\":\"Accueil\",\"item\":\"https:\/\/www.ocova.eu\/en\/\"},{\"@type\":\"ListItem\",\"position\":2,\"name\":\"OCOVA Forum &#8211; Mountains of tomorrow &#8211; 3 February 2026\",\"item\":\"https:\/\/www.ocova.eu\/en\/\"},{\"@type\":\"ListItem\",\"position\":3,\"name\":\"2024 Programme\"}]},{\"@type\":\"WebSite\",\"@id\":\"https:\/\/www.ocova.eu\/#website\",\"url\":\"https:\/\/www.ocova.eu\/\",\"name\":\"Forum OCOVA\",\"description\":\"Smart Mountain for tomorrow\",\"potentialAction\":[{\"@type\":\"SearchAction\",\"target\":{\"@type\":\"EntryPoint\",\"urlTemplate\":\"https:\/\/www.ocova.eu\/?s={search_term_string}\"},\"query-input\":{\"@type\":\"PropertyValueSpecification\",\"valueRequired\":true,\"valueName\":\"search_term_string\"}}],\"inLanguage\":\"en-US\"}]}<\/script>\n<!-- \/ Yoast SEO plugin. -->","yoast_head_json":{"title":"2024 Programme - Forum OCOVA","robots":{"index":"index","follow":"follow","max-snippet":"max-snippet:-1","max-image-preview":"max-image-preview:large","max-video-preview":"max-video-preview:-1"},"canonical":"https:\/\/www.ocova.eu\/en\/home\/2024-programme\/","og_locale":"en_US","og_type":"article","og_title":"2024 Programme - Forum OCOVA","og_description":"8h30-9h00: Welcome \/ registration 9h00-9h45: Opening, speeches by the authorities Pierre Vollaire, Mayor of Les Orres, Vice-chairman of ANMSM.; Jean-Marie Bernard, President\u00a0 of the Hautes-Alpes; Renaud Muselier, President of the\u00a0 Provence-Alpes-C\u00f4te d&#8217;Azur Region; Jean-Michel Arnaud, Senator for the Hautes-Alpes; Jo\u00ebl Giraud, Member of the Parliament for the Hautes-Alpes; Dominique Dufour, Prefect of the Hautes-Alpes. 9h45-10h50: [&hellip;]","og_url":"https:\/\/www.ocova.eu\/en\/home\/2024-programme\/","og_site_name":"Forum OCOVA","article_modified_time":"2024-02-13T00:50:49+00:00","og_image":[{"url":"http:\/\/www.ocova.eu\/wp-content\/uploads\/2013\/12\/PDF_small_button.png","type":"","width":"","height":""}],"twitter_card":"summary_large_image","twitter_misc":{"Est. reading time":"5 minutes"},"schema":{"@context":"https:\/\/schema.org","@graph":[{"@type":"WebPage","@id":"https:\/\/www.ocova.eu\/en\/home\/2024-programme\/","url":"https:\/\/www.ocova.eu\/en\/home\/2024-programme\/","name":"2024 Programme - Forum OCOVA","isPartOf":{"@id":"https:\/\/www.ocova.eu\/#website"},"primaryImageOfPage":{"@id":"https:\/\/www.ocova.eu\/en\/home\/2024-programme\/#primaryimage"},"image":{"@id":"https:\/\/www.ocova.eu\/en\/home\/2024-programme\/#primaryimage"},"thumbnailUrl":"http:\/\/www.ocova.eu\/wp-content\/uploads\/2013\/12\/PDF_small_button.png","datePublished":"2024-01-11T00:00:34+00:00","dateModified":"2024-02-13T00:50:49+00:00","breadcrumb":{"@id":"https:\/\/www.ocova.eu\/en\/home\/2024-programme\/#breadcrumb"},"inLanguage":"en-US","potentialAction":[{"@type":"ReadAction","target":["https:\/\/www.ocova.eu\/en\/home\/2024-programme\/"]}]},{"@type":"ImageObject","inLanguage":"en-US","@id":"https:\/\/www.ocova.eu\/en\/home\/2024-programme\/#primaryimage","url":"http:\/\/www.ocova.eu\/wp-content\/uploads\/2013\/12\/PDF_small_button.png","contentUrl":"http:\/\/www.ocova.eu\/wp-content\/uploads\/2013\/12\/PDF_small_button.png"},{"@type":"BreadcrumbList","@id":"https:\/\/www.ocova.eu\/en\/home\/2024-programme\/#breadcrumb","itemListElement":[{"@type":"ListItem","position":1,"name":"Accueil","item":"https:\/\/www.ocova.eu\/en\/"},{"@type":"ListItem","position":2,"name":"OCOVA Forum &#8211; Mountains of tomorrow &#8211; 3 February 2026","item":"https:\/\/www.ocova.eu\/en\/"},{"@type":"ListItem","position":3,"name":"2024 Programme"}]},{"@type":"WebSite","@id":"https:\/\/www.ocova.eu\/#website","url":"https:\/\/www.ocova.eu\/","name":"Forum OCOVA","description":"Smart Mountain for tomorrow","potentialAction":[{"@type":"SearchAction","target":{"@type":"EntryPoint","urlTemplate":"https:\/\/www.ocova.eu\/?s={search_term_string}"},"query-input":{"@type":"PropertyValueSpecification","valueRequired":true,"valueName":"search_term_string"}}],"inLanguage":"en-US"}]}},"_links":{"self":[{"href":"https:\/\/www.ocova.eu\/en\/wp-json\/wp\/v2\/pages\/5309","targetHints":{"allow":["GET"]}}],"collection":[{"href":"https:\/\/www.ocova.eu\/en\/wp-json\/wp\/v2\/pages"}],"about":[{"href":"https:\/\/www.ocova.eu\/en\/wp-json\/wp\/v2\/types\/page"}],"author":[{"embeddable":true,"href":"https:\/\/www.ocova.eu\/en\/wp-json\/wp\/v2\/users\/6"}],"replies":[{"embeddable":true,"href":"https:\/\/www.ocova.eu\/en\/wp-json\/wp\/v2\/comments?post=5309"}],"version-history":[{"count":17,"href":"https:\/\/www.ocova.eu\/en\/wp-json\/wp\/v2\/pages\/5309\/revisions"}],"predecessor-version":[{"id":5443,"href":"https:\/\/www.ocova.eu\/en\/wp-json\/wp\/v2\/pages\/5309\/revisions\/5443"}],"up":[{"embeddable":true,"href":"https:\/\/www.ocova.eu\/en\/wp-json\/wp\/v2\/pages\/4584"}],"wp:attachment":[{"href":"https:\/\/www.ocova.eu\/en\/wp-json\/wp\/v2\/media?parent=5309"}],"curies":[{"name":"wp","href":"https:\/\/api.w.org\/{rel}","templated":true}]}}