{"id":4980,"date":"2022-03-07T16:20:26","date_gmt":"2022-03-07T15:20:26","guid":{"rendered":"https:\/\/www.ocova.eu\/home\/partenaires\/"},"modified":"2025-08-06T16:38:50","modified_gmt":"2025-08-06T15:38:50","slug":"partners","status":"publish","type":"page","link":"https:\/\/www.ocova.eu\/en\/home-3\/partners\/","title":{"rendered":"Financial partners"},"content":{"rendered":"<p>The OCOVA forum is co-financed by the following partners:<\/p>\n<ul>\n<li>R\u00e9gion Provence-Alpes-C\u00f4te d&#8217;Azur<\/li>\n<li>D\u00e9partement des Hautes-Alpes<\/li>\n<li>Communaut\u00e9 de Communes de Serre-Pon\u00e7on<\/li>\n<li>Les Orres<\/li>\n<li>Cr\u00e9dit Agricole Alpes Provence<\/li>\n<\/ul>\n<p><a href=\"https:\/\/www.ocova.eu\/wp-content\/uploads\/2023\/01\/logos_financeurs.png\"><img loading=\"lazy\" decoding=\"async\" class=\"alignleft size-full wp-image-5163\" src=\"https:\/\/www.ocova.eu\/wp-content\/uploads\/2023\/01\/logos_financeurs.png\" alt=\"\" width=\"587\" height=\"45\" srcset=\"https:\/\/www.ocova.eu\/wp-content\/uploads\/2023\/01\/logos_financeurs.png 587w, https:\/\/www.ocova.eu\/wp-content\/uploads\/2023\/01\/logos_financeurs-480x37.png 480w\" sizes=\"auto, (min-width: 0px) and (max-width: 480px) 480px, (min-width: 481px) 587px, 100vw\" \/><\/a><\/p>\n<p>&nbsp;<\/p>\n<hr \/>\n<p>Alpine Space projects (including Smart Altitude 2018-2021) are co-financed by the European Union.<\/p>\n<p><a href=\"https:\/\/www.ocova.eu\/wp-content\/uploads\/2023\/01\/logo_eu.png\"><img loading=\"lazy\" decoding=\"async\" class=\"alignleft wp-image-5166\" src=\"https:\/\/www.ocova.eu\/wp-content\/uploads\/2023\/01\/logo_eu.png\" alt=\"\" width=\"204\" height=\"59\" \/><\/a><\/p>\n<p>&nbsp;<\/p>\n","protected":false},"excerpt":{"rendered":"<p>The OCOVA forum is co-financed by the following partners: R\u00e9gion Provence-Alpes-C\u00f4te d&#8217;Azur D\u00e9partement des Hautes-Alpes Communaut\u00e9 de Communes de Serre-Pon\u00e7on Les Orres Cr\u00e9dit Agricole Alpes Provence &nbsp; Alpine Space projects (including Smart Altitude 2018-2021) are co-financed by the European Union. &nbsp;<\/p>\n","protected":false},"author":6,"featured_media":0,"parent":4584,"menu_order":0,"comment_status":"closed","ping_status":"closed","template":"","meta":{"_et_pb_use_builder":"","_et_pb_old_content":"","_et_gb_content_width":"","footnotes":""},"class_list":["post-4980","page","type-page","status-publish","hentry"],"yoast_head":"<!-- This site is optimized with the Yoast SEO plugin v27.0 - https:\/\/yoast.com\/product\/yoast-seo-wordpress\/ -->\n<title>Financial partners - Forum OCOVA<\/title>\n<meta name=\"robots\" content=\"index, follow, max-snippet:-1, max-image-preview:large, max-video-preview:-1\" \/>\n<link rel=\"canonical\" href=\"https:\/\/www.ocova.eu\/en\/home\/partners\/\" \/>\n<meta property=\"og:locale\" content=\"en_US\" \/>\n<meta property=\"og:type\" content=\"article\" \/>\n<meta property=\"og:title\" content=\"Financial partners - Forum OCOVA\" \/>\n<meta property=\"og:description\" content=\"The OCOVA forum is co-financed by the following partners: R\u00e9gion Provence-Alpes-C\u00f4te d&#8217;Azur D\u00e9partement des Hautes-Alpes Communaut\u00e9 de Communes de Serre-Pon\u00e7on Les Orres Cr\u00e9dit Agricole Alpes Provence &nbsp; Alpine Space projects (including Smart Altitude 2018-2021) are co-financed by the European Union. &nbsp;\" \/>\n<meta property=\"og:url\" content=\"https:\/\/www.ocova.eu\/en\/home\/partners\/\" \/>\n<meta property=\"og:site_name\" content=\"Forum OCOVA\" \/>\n<meta property=\"article:modified_time\" content=\"2025-08-06T15:38:50+00:00\" \/>\n<meta property=\"og:image\" content=\"https:\/\/www.ocova.eu\/wp-content\/uploads\/2023\/01\/logos_financeurs.png\" \/>\n\t<meta property=\"og:image:width\" content=\"587\" \/>\n\t<meta property=\"og:image:height\" content=\"45\" \/>\n\t<meta property=\"og:image:type\" content=\"image\/png\" \/>\n<meta name=\"twitter:card\" content=\"summary_large_image\" \/>\n<meta name=\"twitter:label1\" content=\"Est. reading time\" \/>\n\t<meta name=\"twitter:data1\" content=\"1 minute\" \/>\n<script type=\"application\/ld+json\" class=\"yoast-schema-graph\">{\"@context\":\"https:\/\/schema.org\",\"@graph\":[{\"@type\":\"WebPage\",\"@id\":\"https:\/\/www.ocova.eu\/en\/home\/partners\/\",\"url\":\"https:\/\/www.ocova.eu\/en\/home\/partners\/\",\"name\":\"Financial partners - Forum OCOVA\",\"isPartOf\":{\"@id\":\"https:\/\/www.ocova.eu\/#website\"},\"primaryImageOfPage\":{\"@id\":\"https:\/\/www.ocova.eu\/en\/home\/partners\/#primaryimage\"},\"image\":{\"@id\":\"https:\/\/www.ocova.eu\/en\/home\/partners\/#primaryimage\"},\"thumbnailUrl\":\"https:\/\/www.ocova.eu\/wp-content\/uploads\/2023\/01\/logos_financeurs.png\",\"datePublished\":\"2022-03-07T15:20:26+00:00\",\"dateModified\":\"2025-08-06T15:38:50+00:00\",\"breadcrumb\":{\"@id\":\"https:\/\/www.ocova.eu\/en\/home\/partners\/#breadcrumb\"},\"inLanguage\":\"en-US\",\"potentialAction\":[{\"@type\":\"ReadAction\",\"target\":[\"https:\/\/www.ocova.eu\/en\/home\/partners\/\"]}]},{\"@type\":\"ImageObject\",\"inLanguage\":\"en-US\",\"@id\":\"https:\/\/www.ocova.eu\/en\/home\/partners\/#primaryimage\",\"url\":\"https:\/\/www.ocova.eu\/wp-content\/uploads\/2023\/01\/logos_financeurs.png\",\"contentUrl\":\"https:\/\/www.ocova.eu\/wp-content\/uploads\/2023\/01\/logos_financeurs.png\"},{\"@type\":\"BreadcrumbList\",\"@id\":\"https:\/\/www.ocova.eu\/en\/home\/partners\/#breadcrumb\",\"itemListElement\":[{\"@type\":\"ListItem\",\"position\":1,\"name\":\"Accueil\",\"item\":\"https:\/\/www.ocova.eu\/en\/\"},{\"@type\":\"ListItem\",\"position\":2,\"name\":\"OCOVA Forum &#8211; Mountains of tomorrow &#8211; 3 February 2026\",\"item\":\"https:\/\/www.ocova.eu\/en\/\"},{\"@type\":\"ListItem\",\"position\":3,\"name\":\"Financial partners\"}]},{\"@type\":\"WebSite\",\"@id\":\"https:\/\/www.ocova.eu\/#website\",\"url\":\"https:\/\/www.ocova.eu\/\",\"name\":\"Forum OCOVA\",\"description\":\"Smart Mountain for tomorrow\",\"potentialAction\":[{\"@type\":\"SearchAction\",\"target\":{\"@type\":\"EntryPoint\",\"urlTemplate\":\"https:\/\/www.ocova.eu\/?s={search_term_string}\"},\"query-input\":{\"@type\":\"PropertyValueSpecification\",\"valueRequired\":true,\"valueName\":\"search_term_string\"}}],\"inLanguage\":\"en-US\"}]}<\/script>\n<!-- \/ Yoast SEO plugin. -->","yoast_head_json":{"title":"Financial partners - Forum OCOVA","robots":{"index":"index","follow":"follow","max-snippet":"max-snippet:-1","max-image-preview":"max-image-preview:large","max-video-preview":"max-video-preview:-1"},"canonical":"https:\/\/www.ocova.eu\/en\/home\/partners\/","og_locale":"en_US","og_type":"article","og_title":"Financial partners - Forum OCOVA","og_description":"The OCOVA forum is co-financed by the following partners: R\u00e9gion Provence-Alpes-C\u00f4te d&#8217;Azur D\u00e9partement des Hautes-Alpes Communaut\u00e9 de Communes de Serre-Pon\u00e7on Les Orres Cr\u00e9dit Agricole Alpes Provence &nbsp; Alpine Space projects (including Smart Altitude 2018-2021) are co-financed by the European Union. &nbsp;","og_url":"https:\/\/www.ocova.eu\/en\/home\/partners\/","og_site_name":"Forum OCOVA","article_modified_time":"2025-08-06T15:38:50+00:00","og_image":[{"width":587,"height":45,"url":"https:\/\/www.ocova.eu\/wp-content\/uploads\/2023\/01\/logos_financeurs.png","type":"image\/png"}],"twitter_card":"summary_large_image","twitter_misc":{"Est. reading time":"1 minute"},"schema":{"@context":"https:\/\/schema.org","@graph":[{"@type":"WebPage","@id":"https:\/\/www.ocova.eu\/en\/home\/partners\/","url":"https:\/\/www.ocova.eu\/en\/home\/partners\/","name":"Financial partners - Forum OCOVA","isPartOf":{"@id":"https:\/\/www.ocova.eu\/#website"},"primaryImageOfPage":{"@id":"https:\/\/www.ocova.eu\/en\/home\/partners\/#primaryimage"},"image":{"@id":"https:\/\/www.ocova.eu\/en\/home\/partners\/#primaryimage"},"thumbnailUrl":"https:\/\/www.ocova.eu\/wp-content\/uploads\/2023\/01\/logos_financeurs.png","datePublished":"2022-03-07T15:20:26+00:00","dateModified":"2025-08-06T15:38:50+00:00","breadcrumb":{"@id":"https:\/\/www.ocova.eu\/en\/home\/partners\/#breadcrumb"},"inLanguage":"en-US","potentialAction":[{"@type":"ReadAction","target":["https:\/\/www.ocova.eu\/en\/home\/partners\/"]}]},{"@type":"ImageObject","inLanguage":"en-US","@id":"https:\/\/www.ocova.eu\/en\/home\/partners\/#primaryimage","url":"https:\/\/www.ocova.eu\/wp-content\/uploads\/2023\/01\/logos_financeurs.png","contentUrl":"https:\/\/www.ocova.eu\/wp-content\/uploads\/2023\/01\/logos_financeurs.png"},{"@type":"BreadcrumbList","@id":"https:\/\/www.ocova.eu\/en\/home\/partners\/#breadcrumb","itemListElement":[{"@type":"ListItem","position":1,"name":"Accueil","item":"https:\/\/www.ocova.eu\/en\/"},{"@type":"ListItem","position":2,"name":"OCOVA Forum &#8211; Mountains of tomorrow &#8211; 3 February 2026","item":"https:\/\/www.ocova.eu\/en\/"},{"@type":"ListItem","position":3,"name":"Financial partners"}]},{"@type":"WebSite","@id":"https:\/\/www.ocova.eu\/#website","url":"https:\/\/www.ocova.eu\/","name":"Forum OCOVA","description":"Smart Mountain for tomorrow","potentialAction":[{"@type":"SearchAction","target":{"@type":"EntryPoint","urlTemplate":"https:\/\/www.ocova.eu\/?s={search_term_string}"},"query-input":{"@type":"PropertyValueSpecification","valueRequired":true,"valueName":"search_term_string"}}],"inLanguage":"en-US"}]}},"_links":{"self":[{"href":"https:\/\/www.ocova.eu\/en\/wp-json\/wp\/v2\/pages\/4980","targetHints":{"allow":["GET"]}}],"collection":[{"href":"https:\/\/www.ocova.eu\/en\/wp-json\/wp\/v2\/pages"}],"about":[{"href":"https:\/\/www.ocova.eu\/en\/wp-json\/wp\/v2\/types\/page"}],"author":[{"embeddable":true,"href":"https:\/\/www.ocova.eu\/en\/wp-json\/wp\/v2\/users\/6"}],"replies":[{"embeddable":true,"href":"https:\/\/www.ocova.eu\/en\/wp-json\/wp\/v2\/comments?post=4980"}],"version-history":[{"count":6,"href":"https:\/\/www.ocova.eu\/en\/wp-json\/wp\/v2\/pages\/4980\/revisions"}],"predecessor-version":[{"id":5823,"href":"https:\/\/www.ocova.eu\/en\/wp-json\/wp\/v2\/pages\/4980\/revisions\/5823"}],"up":[{"embeddable":true,"href":"https:\/\/www.ocova.eu\/en\/wp-json\/wp\/v2\/pages\/4584"}],"wp:attachment":[{"href":"https:\/\/www.ocova.eu\/en\/wp-json\/wp\/v2\/media?parent=4980"}],"curies":[{"name":"wp","href":"https:\/\/api.w.org\/{rel}","templated":true}]}}