{"id":4366,"date":"2014-04-16T12:52:30","date_gmt":"2014-04-16T12:52:30","guid":{"rendered":"https:\/\/www.ocova.eu\/espace-presse\/"},"modified":"2019-12-19T11:23:54","modified_gmt":"2019-12-19T10:23:54","slug":"press-room","status":"publish","type":"page","link":"https:\/\/www.ocova.eu\/en\/press-room\/","title":{"rendered":"Press Room"},"content":{"rendered":"<p>Sur cette page \u00e0 disposition des m\u00e9dias, vous trouverez tous les articles de presse t\u00e9l\u00e9chargeables (communiqu\u00e9s de presse, fiches de projets) qui seront pr\u00e9sent\u00e9s au forum OCOVA.<\/p>\n<p><strong>Bureau de Presse du Forum OCOVA Les Orres<\/strong><br \/>\nYann Bidault<br \/>\n<a href=\"mailto:paca@ocova.eu\">paca@ocova.eu<\/a> &#8211; +33 (0)687 119 143<\/p>\n<p><strong>Bureau de Presse du Forum OCOVA en Italie<br \/>\n<\/strong><\/p>\n<p>Federica Masera<br \/>\n<a href=\"mailto:federica.masera@sunriseadv.it\">federica.masera@sunriseadv.it<\/a> &#8211; 320.26.70.555<\/p>\n<p><strong>Bureau de Presse de la Confindustria Canavese<\/strong><\/p>\n<p>Alessandra Argentero<br \/>\n<a href=\"mailto:ufficiostampa@confindustriacanavese.it\">ufficiostampa@confindustriacanavese.it<\/a> &#8211; 0125.42.47.48<\/p>\n<hr style=\"border: 1px solid orange;\" \/>\n<h2>Film de pr\u00e9sentation (fran\u00e7ais)<\/h2>\n<p>Un <a href=\"https:\/\/www.youtube.com\/watch?v=aSFz5xZspdI\">film de pr\u00e9sentation en fran\u00e7ais du projet OCOVA AlpMedNet<\/a> vu du point de vue des Hautes-Alpes, \u00e0 visionner :<\/p>\n<p style=\"text-align: center;\"><iframe loading=\"lazy\" src=\"https:\/\/www.youtube-nocookie.com\/embed\/aSFz5xZspdI\" width=\"560\" height=\"315\" frameborder=\"0\" allowfullscreen=\"allowfullscreen\"><\/iframe><\/p>\n<hr style=\"border: 1px solid orange;\" \/>\n<h2>Communiqu\u00e9s de Presse<\/h2>\n<p><strong><span style=\"color: #ff0000;\">A LA UNE<\/span><br \/>\n\u2022 Communiqu\u00e9 de presse du 22\/12\/2017 &#8211; 14e Forum OCOVA, Les Orres, 11\/01\/2018 [<a href=\"http:\/\/www.ocova.eu\/wp-content\/uploads\/2018\/01\/Forum_international_SMART_MOUNTAIN_11_janvier_2018_LES_ORRES.pdf\">PDF<\/a>]<\/strong><\/p>\n<p>Communiqu\u00e9 de presse du 3\/11\/2016 &#8211; 13e Forum OCOVA &#8220;Smart Mountain : territoires de montagne intelligents&#8221; 9 d\u00e9cembre 2016, Les Orres, Espace Rencontre et Culture <a title=\"[PDF]\" href=\"http:\/\/www.ocova.eu\/wp-content\/uploads\/2014\/04\/CPOCOVA-2016-V2.pdf\" target=\"_blank\" rel=\"noopener noreferrer\">[PDF]<\/a><a title=\"[PDF]\" href=\"http:\/\/www.ocova.eu\/wp-content\/uploads\/2014\/04\/CPOCOVA-2016-V2.pdf\" target=\"_blank\" rel=\"noopener noreferrer\"><br \/>\n<\/a>\u2022 Communiqu\u00e9 de presse du 9 septembre 2014 &#8211; &#8220;11e Forum OCOVA \u00ab Optimisation \u00e9nerg\u00e9tique \u2013 du smart building aux smart grids \u00bb, 16-17 septembre 2014, Gap, Ch\u00e2teau de Charance &amp; le Quattro <a href=\"http:\/\/www.ocova.eu\/wp-content\/uploads\/2014\/05\/Communiqu\u00e9-de-presse-OCOVA-2014.pdf\">[PDF]<\/a><br \/>\n\u2022 Communiqu\u00e9 du 29 avril 2014 &#8211; Ateliers OCOVA AlpMedNet 2014 <a href=\"http:\/\/www.ocova.eu\/wp-content\/uploads\/2014\/04\/CP-Formations-OCOVA-280414.pdf\">[PDF]<\/a><br \/>\n\u2022 Communiqu\u00e9 du 9 avril 2014 &#8211; Cl\u00f4ture de l&#8217;op\u00e9ration jaiunebonneidee.com <a href=\"http:\/\/www.ocova.eu\/wp-content\/uploads\/2014\/04\/CP-cl\u00f4ture-jaiunebonneidee.com_.pdf\">[PDF]<\/a><br \/>\n\u2022 Comunicato del 7 dicembre 2013 &#8211; Chiusura Forum OCOVA 2013 <a href=\"http:\/\/www.ocova.eu\/wp-content\/uploads\/2013\/12\/COS-OCOVA_chiusura_def.pdf\" target=\"_blank\" rel=\"noopener noreferrer\">[PDF]<\/a> <a href=\"http:\/\/www.ocova.eu\/wp-content\/uploads\/2013\/12\/COS-OCOVA_chiusura_def.doc\" target=\"_blank\" rel=\"noopener noreferrer\">[DOC]<\/a><br \/>\n\u2022 Comunicato del 13 novembre 2013 &#8211; Presentazione OCOVA 2013 <a href=\"http:\/\/www.ocova.eu\/wp-content\/uploads\/2013\/11\/COS_OCOVA_AlpMedNet.pdf\" target=\"_blank\" rel=\"noopener noreferrer\">[PDF]<\/a> <a href=\"http:\/\/www.ocova.eu\/wp-content\/uploads\/2013\/11\/COS_OCOVA_AlpMedNet.doc\" target=\"_blank\" rel=\"noopener noreferrer\">[DOC]<\/a><\/p>\n<hr style=\"border: 1px solid orange;\" \/>\n<h2>Dossier de Presse<\/h2>\n<p><strong><span style=\"color: #ff0000;\">A LA UNE<\/span><br \/>\n<\/strong><\/p>\n<ul>\n<li><strong>Dossier de presse du 14e Forum OCOVA, 11\/01\/2018, Les Orres <a href=\"http:\/\/www.ocova.eu\/wp-content\/uploads\/2018\/01\/DP-14e-OCOVA.pdf\">[PDF]<\/a><\/strong><\/li>\n<li>Dossier de presse du 3\/11\/2016 &#8211; 13e Forum OCOVA &#8220;Smart Mountain : territoires de montagne intelligents&#8221; 9 d\u00e9cembre 2016, Les Orres <a href=\"http:\/\/www.ocova.eu\/wp-content\/uploads\/2014\/04\/DP-OCOVA-2016-V5.pdf\" target=\"_blank\" rel=\"noopener noreferrer\">[PDF]<\/a><strong><br \/>\n<\/strong><\/li>\n<li>Dossier de Presse OCOVA AlpMedNet et forum OCOVA Gap 2014 [<a href=\"http:\/\/www.ocova.eu\/wp-content\/uploads\/2014\/05\/Dossier-de-Presse-OCOVA-AMN-Forum-OCOVA-2014-vF.pdf\">PDF<\/a>]<\/li>\n<\/ul>\n<hr style=\"border: 1px solid orange;\" \/>\n<h2>Revue de Presse<\/h2>\n<p>\u2022 e-Media 05 &#8211; 25\/09\/2014 &#8211; &#8220;Hautes-Alpes : un march\u00e9 de 120,000 compteurs ERDF \u00e0 renouveler&#8221; <a title=\"Linky\" href=\"http:\/\/www.ocova.eu\/wp-content\/uploads\/2014\/05\/linky.jpg\">[JPG]<\/a><br \/>\n\u2022 Le Dauphin\u00e9 Lib\u00e9r\u00e9 &#8211; 18\/09\/2014 &#8211; &#8220;Gap &#8211; la 2e journ\u00e9e de l&#8217;\u00e9v\u00e9nement d\u00e9di\u00e9 aux nouvelles technologies, et cette ann\u00e9e \u00e0 la transition \u00e9nerg\u00e9tique, s&#8217;est d\u00e9roul\u00e9e hier au Quattro. Forum OCOVA : &#8220;Rencontrez-vous, \u00e9changez, discutez&#8221;&#8221; <a title=\"rencontres\" href=\"http:\/\/www.ocova.eu\/wp-content\/uploads\/2014\/05\/rencontrez-vous.jpg\">[JPG]<\/a><br \/>\n\u2022 Le Dauphin\u00e9 Lib\u00e9r\u00e9 &#8211; 17\/09\/2014 &#8211; &#8220;Les stations aussi recherchent l&#8217;efficacit\u00e9 \u00e9nerg\u00e9tique&#8221; <a title=\"stations\" href=\"http:\/\/www.ocova.eu\/wp-content\/uploads\/2014\/05\/stations.jpg\">[JPG]<\/a><br \/>\n\u2022 Le Dauphin\u00e9 Lib\u00e9r\u00e9 &#8211; 17\/09\/2014 &#8211; &#8220;La technologie aide \u00e0 r\u00e9duire la consommation au lyc\u00e9e&#8221; <a title=\"techno lyc\u00e9e\" href=\"http:\/\/www.ocova.eu\/wp-content\/uploads\/2014\/05\/Techno-au-lyc\u00e9e.jpg\">[JPG]<\/a><br \/>\n\u2022 Le Dauphin\u00e9 Lib\u00e9r\u00e9 &#8211; 17\/09\/2014 &#8211; &#8220;Gap &#8211; le 11e forum OCOVA, d\u00e9di\u00e9 aux nouvelles technologies, a d\u00e9but\u00e9 hier \u00e0 Charance et se poursuit aujourd&#8217;hui au Quattro. Des solutions innovantes pour g\u00e9rer l&#8217;\u00e9nergie&#8221; <a href=\"http:\/\/www.ocova.eu\/wp-content\/uploads\/2014\/05\/Solution-innovantes.jpg\">[JPG]<\/a><br \/>\n\u2022 DICI TV &#8211; 16\/09\/2014 &#8211; &#8220;11e forum OCOVA \u00e0 Gap, c&#8217;est quoi ? &#8221; <a title=\"DICI\" href=\"http:\/\/www.ocova.eu\/wp-content\/uploads\/2014\/05\/DICI.jpg\">[JPG]<\/a><br \/>\n\u2022 Alpes 1- 16\/09\/2014 &#8211; &#8220;Hautes-Alpes : b\u00e2timent intelligent et transition \u00e9nerg\u00e9tique au c\u0153ur du forum OCOVA&#8221; <a title=\"[PDF]\" href=\"http:\/\/www.ocova.eu\/wp-content\/uploads\/2014\/05\/e-Media05.jpg\">[JPG]<\/a><br \/>\n\u2022\u00a0e-Media 05 &#8211; 15\/09\/2014 &#8211; &#8220;Gap : le 11e forum OCOVA sur le th\u00e8me de l&#8217;optimisation \u00e9nerg\u00e9tique&#8221; <a href=\"http:\/\/www.ocova.eu\/wp-content\/uploads\/2014\/05\/e-Media05.jpg\">[JPG]<\/a><br \/>\n\u2022 Ateliers OCOVA AlpMedNet 2014 &#8211; Tr\u00e8s haut d\u00e9bit et outils num\u00e9riques de productivit\u00e9 et de performance <a href=\"http:\/\/www.ocova.eu\/wp-content\/uploads\/2014\/04\/DP-Formations-OCOVA-AMN-2014.pdf\">[PDF]<\/a><br \/>\n\u2022 Projet OCOVA AlpMedNet <a href=\"http:\/\/www.ocova.eu\/wp-content\/uploads\/2014\/04\/Dossier-de-Presse-OCOVA-AMN-2014-vF.pdf\">[PDF]<\/a><br \/>\n\u2022 VIDEO &#8211; Tg3 Regionale Piemonte &#8211; 5\/12\/2013 <a href=\"http:\/\/www.youtube.com\/watch?v=N5Dsso7OqI4&amp;feature=share&amp;list=PL626954F9E7CF6E95&amp;index=1\" target=\"_blank\" rel=\"noopener noreferrer\">[YOUTUBE]<\/a><br \/>\n\u2022 Il Risveglio Popolare &#8211; Grande interesse per il forum Ocova &#8211; 19\/12\/2013 <a href=\"http:\/\/www.ocova.eu\/wp-content\/uploads\/2013\/11\/IlRisveglioPopolare_19dicembre.pdf\" target=\"_blank\" rel=\"noopener noreferrer\">[PDF]<\/a><br \/>\n\u2022 La Sentinella del Canavese &#8211; Chiuso il Forum dedicato a tecnologia e business &#8211; 12\/12\/2013 <a href=\"http:\/\/www.ocova.eu\/wp-content\/uploads\/2013\/12\/Ivrea-chiuso-il-forum-dedicato-a-tecnologia-e-business-Cronaca-La-Sentinella-del-Canavese.pdf\" target=\"_blank\" rel=\"noopener noreferrer\">[PDF]<br \/>\n\u2022 Le Dauphin\u00e9 Lib\u00e9r\u00e9 &#8211; Les Hautes-Alpes ont particip\u00e9 au forum Ocova du Pi\u00e9mont &#8211; 09\/12\/13\u00a0<\/a><a href=\"http:\/\/www.ocova.eu\/wp-content\/uploads\/2013\/11\/Le-Dauphin\u00e9-Lib\u00e9r\u00e9_Hautes-Alpes_Ocova.pdf\" target=\"_blank\" rel=\"noopener noreferrer\">[PDF]<\/a><a href=\"http:\/\/www.ocova.eu\/wp-content\/uploads\/2013\/12\/Ivrea-chiuso-il-forum-dedicato-a-tecnologia-e-business-Cronaca-La-Sentinella-del-Canavese.pdf\" target=\"_blank\" rel=\"noopener noreferrer\"><br \/>\n\u2022 La Sentinella del Canavese &#8211; Innovazione e sviluppo &#8211; 9\/12\/2013 <\/a><a href=\"http:\/\/www.ocova.eu\/wp-content\/uploads\/2013\/12\/Innovazione-e-sviluppo-Cronaca-La-Sentinella-del-Canavese.pdf\" target=\"_blank\" rel=\"noopener noreferrer\">[PDF]<\/a><a href=\"http:\/\/www.ocova.eu\/wp-content\/uploads\/2013\/12\/Ivrea-chiuso-il-forum-dedicato-a-tecnologia-e-business-Cronaca-La-Sentinella-del-Canavese.pdf\" target=\"_blank\" rel=\"noopener noreferrer\"><br \/>\n\u2022 Mister-X.it &#8211;\u00a0OCOVA AlpMedNet: forum oggi e domani a Ivrea &#8211; 5\/12\/2013 <\/a><a href=\"http:\/\/www.ocova.eu\/wp-content\/uploads\/2013\/12\/OCOVA-AlpMedNet_-forum-oggi-e-domani-a-Ivrea-gioved\u00ec-5-dicembre-2013.pdf\" target=\"_blank\" rel=\"noopener noreferrer\">[PDF]<\/a><a href=\"http:\/\/www.ocova.eu\/wp-content\/uploads\/2013\/12\/Ivrea-chiuso-il-forum-dedicato-a-tecnologia-e-business-Cronaca-La-Sentinella-del-Canavese.pdf\" target=\"_blank\" rel=\"noopener noreferrer\"><br \/>\n\u2022 TeleItailiaChannel &#8211;\u00a0I seminari di OCOVA ad Ivrea per rilanciare il territorio &#8211; 5\/12\/2013 <\/a><a href=\"http:\/\/www.ocova.eu\/wp-content\/uploads\/2013\/12\/I-seminari-di-OCOVA-ad-Ivrea-per-rilanciare-il-territorio.pdf\" target=\"_blank\" rel=\"noopener noreferrer\">[PDF]<\/a><a href=\"http:\/\/www.ocova.eu\/wp-content\/uploads\/2013\/12\/Ivrea-chiuso-il-forum-dedicato-a-tecnologia-e-business-Cronaca-La-Sentinella-del-Canavese.pdf\" target=\"_blank\" rel=\"noopener noreferrer\"><br \/>\n\u2022 La Gazzetta del Canavese &#8211;\u00a0OCOVA AlpMedNet: domani a Ivrea &#8211; 5\/12\/2013 <\/a><a href=\"http:\/\/www.ocova.eu\/wp-content\/uploads\/2013\/12\/OCOVA-AlpMedNet_-forum-oggi-e-domani-a-Ivrea-\u00bb.pdf\" target=\"_blank\" rel=\"noopener noreferrer\">[PDF]<\/a><a href=\"http:\/\/www.ocova.eu\/wp-content\/uploads\/2013\/12\/Ivrea-chiuso-il-forum-dedicato-a-tecnologia-e-business-Cronaca-La-Sentinella-del-Canavese.pdf\" target=\"_blank\" rel=\"noopener noreferrer\"><br \/>\n\u2022 La Gazzetta del Canavese &#8211;\u00a0OCOVA AlpMedNet: domani a Ivrea &#8211; 5\/12\/2013 <\/a><a href=\"http:\/\/www.ocova.eu\/wp-content\/uploads\/2013\/12\/OCOVA-AlpMedNet_-forum-oggi-e-domani-a-Ivrea-\u00bb.pdf\" target=\"_blank\" rel=\"noopener noreferrer\">[PDF]<\/a><a href=\"http:\/\/www.ocova.eu\/wp-content\/uploads\/2013\/12\/Ivrea-chiuso-il-forum-dedicato-a-tecnologia-e-business-Cronaca-La-Sentinella-del-Canavese.pdf\" target=\"_blank\" rel=\"noopener noreferrer\"><br \/>\n\u2022 Eventi-netweek.it &#8211;\u00a0OCOVA AlpMedNet &#8211; 5\/12\/2013 <\/a><a href=\"http:\/\/www.ocova.eu\/wp-content\/uploads\/2013\/12\/convegni-a-Ivrea-Congressi-a-Ivrea-seminari-a-Ivrea.pdf\" target=\"_blank\" rel=\"noopener noreferrer\">[PDF]<\/a><a href=\"http:\/\/www.ocova.eu\/wp-content\/uploads\/2013\/12\/Ivrea-chiuso-il-forum-dedicato-a-tecnologia-e-business-Cronaca-La-Sentinella-del-Canavese.pdf\" target=\"_blank\" rel=\"noopener noreferrer\"><br \/>\n\u2022 Torino Scienza &#8211;\u00a0Mobilit\u00e0 sostenibile e ambiente &#8211; 5\/12\/2013 <\/a><a href=\"http:\/\/www.ocova.eu\/wp-content\/uploads\/2013\/12\/Mobilit\u00e0-sostenibile-e-ambiente-torinoscienza.pdf\" target=\"_blank\" rel=\"noopener noreferrer\">[PDF]<\/a><a href=\"http:\/\/www.ocova.eu\/wp-content\/uploads\/2013\/12\/Ivrea-chiuso-il-forum-dedicato-a-tecnologia-e-business-Cronaca-La-Sentinella-del-Canavese.pdf\" target=\"_blank\" rel=\"noopener noreferrer\"><br \/>\n\u2022 La Sentinella del Canavese &#8211;\u00a0Circuito virtuoso tra imprese, Ivrea la sede &#8211; 4\/12\/2013 <\/a><a href=\"http:\/\/www.ocova.eu\/wp-content\/uploads\/2013\/12\/Circuito-virtuoso-tra-imprese-Ivrea-la-sede-Cronaca-La-Sentinella-del-Canavese.pdf\" target=\"_blank\" rel=\"noopener noreferrer\">[PDF]<\/a><a href=\"http:\/\/www.ocova.eu\/wp-content\/uploads\/2013\/12\/Ivrea-chiuso-il-forum-dedicato-a-tecnologia-e-business-Cronaca-La-Sentinella-del-Canavese.pdf\" target=\"_blank\" rel=\"noopener noreferrer\"><br \/>\n\u2022 Quick Loox &#8211; Magie e Burocrazie &#8211; 30\/11\/2013\u00a0<\/a><a href=\"http:\/\/www.ocova.eu\/wp-content\/uploads\/2013\/12\/magie-e-burocrazie-QuickLoox.pdf\" target=\"_blank\" rel=\"noopener noreferrer\">[PDF]<\/a><a href=\"http:\/\/www.ocova.eu\/wp-content\/uploads\/2013\/12\/Ivrea-chiuso-il-forum-dedicato-a-tecnologia-e-business-Cronaca-La-Sentinella-del-Canavese.pdf\" target=\"_blank\" rel=\"noopener noreferrer\"><br \/>\n<\/a>\u2022 Bioindustry Park Silvano Fumero &#8211;\u00a0OCOVA AlpMedNet Forum &#8211; 29\/11\/2013 <a href=\"http:\/\/www.ocova.eu\/wp-content\/uploads\/2013\/12\/Bioindustry-Park-Silvano-Fumero-.pdf\" target=\"_blank\" rel=\"noopener noreferrer\">[PDF]<\/a><br \/>\n\u2022 Il Risveglio Popolare &#8211; A Ivrea il forum piemontese del progetto Ocova &#8211; 19\/12\/2013 <a href=\"http:\/\/www.ocova.eu\/wp-content\/uploads\/2013\/11\/IlRisveglioPopolare28novembre.pdf\" target=\"_blank\" rel=\"noopener noreferrer\">[PDF]<\/a><a href=\"http:\/\/www.ocova.eu\/wp-content\/uploads\/2013\/12\/Ivrea-chiuso-il-forum-dedicato-a-tecnologia-e-business-Cronaca-La-Sentinella-del-Canavese.pdf\" target=\"_blank\" rel=\"noopener noreferrer\"><br \/>\n\u2022 La Sentinella del Canavese &#8211; C&#8217;\u00e8 un Canavese che vince. Nell&#8217;ICT boom di imprese &#8211; 25\/11\/2013 <\/a><a href=\"http:\/\/www.ocova.eu\/wp-content\/uploads\/2013\/12\/sentinellaCanavese.pdf\" target=\"_blank\" rel=\"noopener noreferrer\">[PDF]<\/a><a href=\"http:\/\/www.ocova.eu\/wp-content\/uploads\/2013\/12\/sentinellaCanavese.pdf\" target=\"_blank\" rel=\"noopener noreferrer\"><br \/>\n\u2022 Localport.it &#8211;\u00a0Forum Ocova. A Ivrea riunione degli operatori economici di Piemonte e Liguria &#8211; 21\/11\/2013 <\/a><a href=\"http:\/\/www.ocova.eu\/wp-content\/uploads\/2013\/12\/Localport-notizie_-_Forum-Ocova.pdf\" target=\"_blank\" rel=\"noopener noreferrer\">[PDF]<\/a><a href=\"http:\/\/www.ocova.eu\/wp-content\/uploads\/2013\/12\/sentinellaCanavese.pdf\" target=\"_blank\" rel=\"noopener noreferrer\"><br \/>\n\u2022 BioPmed.eu &#8211;\u00a0OCOVA AlpMedNet Forum &#8211; 21\/11\/2013 <\/a><a href=\"http:\/\/www.ocova.eu\/wp-content\/uploads\/2013\/12\/OCOVA-AlpMedNet-Forum_biopmed.pdf\" target=\"_blank\" rel=\"noopener noreferrer\">[PDF]<\/a><a href=\"http:\/\/www.ocova.eu\/wp-content\/uploads\/2013\/12\/sentinellaCanavese.pdf\" target=\"_blank\" rel=\"noopener noreferrer\"><br \/>\n\u2022 Quotidiano del Canavese &#8211;\u00a0IVREA &#8211; Gli industriali dell&#8217;informatica fanno quadrato &#8211; 17\/11\/2013 <\/a><a href=\"http:\/\/www.ocova.eu\/wp-content\/uploads\/2013\/12\/IVREA-Gli-industriali-dellinformatica-fanno-quadrato.pdf\" target=\"_blank\" rel=\"noopener noreferrer\">[PDF]<\/a><a href=\"http:\/\/www.ocova.eu\/wp-content\/uploads\/2013\/12\/sentinellaCanavese.pdf\" target=\"_blank\" rel=\"noopener noreferrer\"><br \/>\n\u2022 Citt\u00e0 di Ivrea &#8211; OCOVA AlpMedNet Forum <\/a><a href=\"http:\/\/www.ocova.eu\/wp-content\/uploads\/2013\/12\/OCOVA-AlpMedNet-Citta -di-Ivrea.pdf\" target=\"_blank\" rel=\"noopener noreferrer\">[PDF]<\/a><\/p>\n<hr style=\"border: 1px solid orange;\" \/>\n<h2>Projets pr\u00e9sent\u00e9s au Forum<\/h2>\n<p>Consultez la section\u00a0<a title=\"Project Lab\" href=\"http:\/\/www.ocova.eu\/fr\/2014\/04\/01\/project-lab-2\/\">Project Lab<\/a><\/p>\n","protected":false},"excerpt":{"rendered":"<p>Sur cette page \u00e0 disposition des m\u00e9dias, vous trouverez tous les articles de presse t\u00e9l\u00e9chargeables (communiqu\u00e9s de presse, fiches de projets) qui seront pr\u00e9sent\u00e9s au forum OCOVA. Bureau de Presse du Forum OCOVA Les Orres Yann Bidault paca@ocova.eu &#8211; +33 (0)687 119 143 Bureau de Presse du Forum OCOVA en Italie Federica Masera federica.masera@sunriseadv.it &#8211; [&hellip;]<\/p>\n","protected":false},"author":6,"featured_media":0,"parent":0,"menu_order":0,"comment_status":"open","ping_status":"open","template":"","meta":{"_et_pb_use_builder":"","_et_pb_old_content":"","_et_gb_content_width":"","footnotes":""},"class_list":["post-4366","page","type-page","status-publish","hentry"],"yoast_head":"<!-- This site is optimized with the Yoast SEO plugin v27.0 - https:\/\/yoast.com\/product\/yoast-seo-wordpress\/ -->\n<title>Press Room - Forum OCOVA<\/title>\n<meta name=\"robots\" content=\"index, follow, max-snippet:-1, max-image-preview:large, max-video-preview:-1\" \/>\n<link rel=\"canonical\" href=\"https:\/\/www.ocova.eu\/en\/press-room\/\" \/>\n<meta property=\"og:locale\" content=\"en_US\" \/>\n<meta property=\"og:type\" content=\"article\" \/>\n<meta property=\"og:title\" content=\"Press Room - Forum OCOVA\" \/>\n<meta property=\"og:description\" content=\"Sur cette page \u00e0 disposition des m\u00e9dias, vous trouverez tous les articles de presse t\u00e9l\u00e9chargeables (communiqu\u00e9s de presse, fiches de projets) qui seront pr\u00e9sent\u00e9s au forum OCOVA. Bureau de Presse du Forum OCOVA Les Orres Yann Bidault paca@ocova.eu &#8211; +33 (0)687 119 143 Bureau de Presse du Forum OCOVA en Italie Federica Masera federica.masera@sunriseadv.it &#8211; [&hellip;]\" \/>\n<meta property=\"og:url\" content=\"https:\/\/www.ocova.eu\/en\/press-room\/\" \/>\n<meta property=\"og:site_name\" content=\"Forum OCOVA\" \/>\n<meta property=\"article:modified_time\" content=\"2019-12-19T10:23:54+00:00\" \/>\n<meta name=\"twitter:card\" content=\"summary_large_image\" \/>\n<meta name=\"twitter:label1\" content=\"Est. reading time\" \/>\n\t<meta name=\"twitter:data1\" content=\"3 minutes\" \/>\n<script type=\"application\/ld+json\" class=\"yoast-schema-graph\">{\"@context\":\"https:\/\/schema.org\",\"@graph\":[{\"@type\":\"WebPage\",\"@id\":\"https:\/\/www.ocova.eu\/en\/press-room\/\",\"url\":\"https:\/\/www.ocova.eu\/en\/press-room\/\",\"name\":\"Press Room - Forum OCOVA\",\"isPartOf\":{\"@id\":\"https:\/\/www.ocova.eu\/#website\"},\"datePublished\":\"2014-04-16T12:52:30+00:00\",\"dateModified\":\"2019-12-19T10:23:54+00:00\",\"breadcrumb\":{\"@id\":\"https:\/\/www.ocova.eu\/en\/press-room\/#breadcrumb\"},\"inLanguage\":\"en-US\",\"potentialAction\":[{\"@type\":\"ReadAction\",\"target\":[\"https:\/\/www.ocova.eu\/en\/press-room\/\"]}]},{\"@type\":\"BreadcrumbList\",\"@id\":\"https:\/\/www.ocova.eu\/en\/press-room\/#breadcrumb\",\"itemListElement\":[{\"@type\":\"ListItem\",\"position\":1,\"name\":\"Accueil\",\"item\":\"https:\/\/www.ocova.eu\/en\/\"},{\"@type\":\"ListItem\",\"position\":2,\"name\":\"Press Room\"}]},{\"@type\":\"WebSite\",\"@id\":\"https:\/\/www.ocova.eu\/#website\",\"url\":\"https:\/\/www.ocova.eu\/\",\"name\":\"Forum OCOVA\",\"description\":\"Smart Mountain for tomorrow\",\"potentialAction\":[{\"@type\":\"SearchAction\",\"target\":{\"@type\":\"EntryPoint\",\"urlTemplate\":\"https:\/\/www.ocova.eu\/?s={search_term_string}\"},\"query-input\":{\"@type\":\"PropertyValueSpecification\",\"valueRequired\":true,\"valueName\":\"search_term_string\"}}],\"inLanguage\":\"en-US\"}]}<\/script>\n<!-- \/ Yoast SEO plugin. -->","yoast_head_json":{"title":"Press Room - Forum OCOVA","robots":{"index":"index","follow":"follow","max-snippet":"max-snippet:-1","max-image-preview":"max-image-preview:large","max-video-preview":"max-video-preview:-1"},"canonical":"https:\/\/www.ocova.eu\/en\/press-room\/","og_locale":"en_US","og_type":"article","og_title":"Press Room - Forum OCOVA","og_description":"Sur cette page \u00e0 disposition des m\u00e9dias, vous trouverez tous les articles de presse t\u00e9l\u00e9chargeables (communiqu\u00e9s de presse, fiches de projets) qui seront pr\u00e9sent\u00e9s au forum OCOVA. Bureau de Presse du Forum OCOVA Les Orres Yann Bidault paca@ocova.eu &#8211; +33 (0)687 119 143 Bureau de Presse du Forum OCOVA en Italie Federica Masera federica.masera@sunriseadv.it &#8211; [&hellip;]","og_url":"https:\/\/www.ocova.eu\/en\/press-room\/","og_site_name":"Forum OCOVA","article_modified_time":"2019-12-19T10:23:54+00:00","twitter_card":"summary_large_image","twitter_misc":{"Est. reading time":"3 minutes"},"schema":{"@context":"https:\/\/schema.org","@graph":[{"@type":"WebPage","@id":"https:\/\/www.ocova.eu\/en\/press-room\/","url":"https:\/\/www.ocova.eu\/en\/press-room\/","name":"Press Room - Forum OCOVA","isPartOf":{"@id":"https:\/\/www.ocova.eu\/#website"},"datePublished":"2014-04-16T12:52:30+00:00","dateModified":"2019-12-19T10:23:54+00:00","breadcrumb":{"@id":"https:\/\/www.ocova.eu\/en\/press-room\/#breadcrumb"},"inLanguage":"en-US","potentialAction":[{"@type":"ReadAction","target":["https:\/\/www.ocova.eu\/en\/press-room\/"]}]},{"@type":"BreadcrumbList","@id":"https:\/\/www.ocova.eu\/en\/press-room\/#breadcrumb","itemListElement":[{"@type":"ListItem","position":1,"name":"Accueil","item":"https:\/\/www.ocova.eu\/en\/"},{"@type":"ListItem","position":2,"name":"Press Room"}]},{"@type":"WebSite","@id":"https:\/\/www.ocova.eu\/#website","url":"https:\/\/www.ocova.eu\/","name":"Forum OCOVA","description":"Smart Mountain for tomorrow","potentialAction":[{"@type":"SearchAction","target":{"@type":"EntryPoint","urlTemplate":"https:\/\/www.ocova.eu\/?s={search_term_string}"},"query-input":{"@type":"PropertyValueSpecification","valueRequired":true,"valueName":"search_term_string"}}],"inLanguage":"en-US"}]}},"_links":{"self":[{"href":"https:\/\/www.ocova.eu\/en\/wp-json\/wp\/v2\/pages\/4366","targetHints":{"allow":["GET"]}}],"collection":[{"href":"https:\/\/www.ocova.eu\/en\/wp-json\/wp\/v2\/pages"}],"about":[{"href":"https:\/\/www.ocova.eu\/en\/wp-json\/wp\/v2\/types\/page"}],"author":[{"embeddable":true,"href":"https:\/\/www.ocova.eu\/en\/wp-json\/wp\/v2\/users\/6"}],"replies":[{"embeddable":true,"href":"https:\/\/www.ocova.eu\/en\/wp-json\/wp\/v2\/comments?post=4366"}],"version-history":[{"count":1,"href":"https:\/\/www.ocova.eu\/en\/wp-json\/wp\/v2\/pages\/4366\/revisions"}],"predecessor-version":[{"id":4367,"href":"https:\/\/www.ocova.eu\/en\/wp-json\/wp\/v2\/pages\/4366\/revisions\/4367"}],"wp:attachment":[{"href":"https:\/\/www.ocova.eu\/en\/wp-json\/wp\/v2\/media?parent=4366"}],"curies":[{"name":"wp","href":"https:\/\/api.w.org\/{rel}","templated":true}]}}