{"id":4362,"date":"2019-12-11T12:13:08","date_gmt":"2019-12-11T11:13:08","guid":{"rendered":"https:\/\/www.ocova.eu\/mentions-legales\/"},"modified":"2019-12-19T11:26:09","modified_gmt":"2019-12-19T10:26:09","slug":"credits","status":"publish","type":"page","link":"https:\/\/www.ocova.eu\/en\/credits\/","title":{"rendered":"Credits"},"content":{"rendered":"<h2>Propri\u00e9taire du site et \u00e9diteur<\/h2>\n<p>Ce site internet est la propri\u00e9t\u00e9 de OCOVA AlpMedNet c\/o Semlore, Pr\u00e9longis, Les Orres 1650 05200 Les Orres.<\/p>\n<ul>\n<li>+33 (0)6 87 11 91 43<\/li>\n<li><a href=\"mailto:yann@ybsolution.com\" target=\"_blank\" rel=\"noopener noreferrer\">yann@ybsolution.com<\/a><\/li>\n<\/ul>\n<h2>Cr\u00e9ation graphique<\/h2>\n<p>La cr\u00e9ation graphique a \u00e9t\u00e9 r\u00e9alis\u00e9e par l&#8217;<a title=\"Agence WebSenso - d\u00e9veloppement d'application Drupal\" href=\"https:\/\/www.websenso.com\/\" target=\"_blank\" rel=\"noopener noreferrer\">agence Web Senso<\/a> sur base des \u00e9l\u00e9ments de la charte graphique de l&#8217;OCOVA AlpMedNet.<\/p>\n<h2>D\u00e9veloppement technique<\/h2>\n<p>Le d\u00e9veloppement et l&#8217;int\u00e9gration CSS ont \u00e9t\u00e9 r\u00e9alis\u00e9s par l&#8217;<a title=\"Agence WebSenso - d\u00e9veloppement d'application Drupal\" href=\"https:\/\/www.websenso.com\/\" target=\"_blank\" rel=\"noopener noreferrer\">agence Web Senso<\/a>\u00a0sur la solution Open Source WordPress : param\u00e9trage, plugins, th\u00e8mes, etc.<\/p>\n<h2>Maintenance applicative<\/h2>\n<p>Afin d\u2019assurer une bonne continuit\u00e9 de service, l&#8217;\u00e9quipe WebSenso op\u00e8re la\u00a0<a title=\"Agence WebSenso - d\u00e9veloppement d'application Drupal\" href=\"https:\/\/www.websenso.com\/prestations\/maintenance\" target=\"_blank\" rel=\"noopener noreferrer\">maintenance applicative et corrective<\/a>\u00a0du CMS WordPress.<\/p>\n<h2>H\u00e9bergement<\/h2>\n<p>Ce service est h\u00e9berg\u00e9 physiquement en France dans un centre de donn\u00e9e de la soci\u00e9t\u00e9 : OVH.com en France.<\/p>\n<h2>Propri\u00e9t\u00e9 intellectuelle<\/h2>\n<p>OCOVA AlpMedNet est propri\u00e9taire des droits de propri\u00e9t\u00e9 intellectuelle ou d\u00e9tient les droits d\u2019usage sur tous les \u00e9l\u00e9ments accessibles sur le site, notamment les textes, images, graphismes, logo, etc. Alors avant de copier, adapter, citer ce contenu&#8230; veuillez obtenir une autorisation \u00e9crite pr\u00e9alable.<\/p>\n<h2>Liens hypertextes<\/h2>\n<p>Lors de votre navigation, vous d\u00e9couvrirez plusieurs liens hypertextes vers d&#8217;autres sites web. OCOVA AlpMedNet n\u2019a pas la possibilit\u00e9 de v\u00e9rifier le contenu de ces sites et n\u2019assumera en cons\u00e9quence aucune responsabilit\u00e9 de ce fait.<\/p>\n<h2>Cookies<\/h2>\n<p>La navigation sur ce site provoque l\u2019installation de p&#8217;tits fichiers, nomm\u00e9s\u00a0<a href=\"https:\/\/fr.wikipedia.org\/wiki\/Cookie_(informatique)\" target=\"_blank\" rel=\"nofollow noopener external noreferrer\">cookies<\/a>, sur le navigateur de l\u2019utilisateur. Ils sont gentils et ne prennent pas de place ;-). Par contre, le refus d\u2019installation d\u2019un cookie peut bloquer techniquement l\u2019acc\u00e8s \u00e0 certains services et r\u00e9duire notre capacit\u00e9 \u00e0 am\u00e9liorer l&#8217;exp\u00e9rience de navigation via des mesures d&#8217;audience.<\/p>\n<h2>Gestion des donn\u00e9es personnelles<\/h2>\n<p>En surfant sur ce site, des informations peuvent \u00eatres recueillies : provenances, fournisseur d&#8217;acc\u00e8s, adresse IP, etc. Une collecte des informations personnelles pour le besoin de certains services propos\u00e9s par ce site peut \u00eatre effectu\u00e9e. Le droit d\u2019acc\u00e8s, de rectification et d\u2019opposition aux donn\u00e9es personnelles concernant les visiteurs, s&#8217;effectuent par demande \u00e9crite \u00e0 l&#8217;adresse ci-dessus.<\/p>\n<h2>Droit applicable et attribution de juridiction<\/h2>\n<p>Tout litige en relation avec l\u2019utilisation de ce site est soumis au droit fran\u00e7ais et dans la langue de Moli\u00e8re. Cocorico !<\/p>\n<h2>Encore l\u00e0 ?<\/h2>\n<p>F\u00e9licitations car cette page est surement la moins int\u00e9ressante de ce site\u00a0<img decoding=\"async\" class=\"emoji\" draggable=\"false\" src=\"https:\/\/s.w.org\/images\/core\/emoji\/11\/svg\/1f642.svg\" alt=\"\ud83d\ude42\" \/><\/p>\n","protected":false},"excerpt":{"rendered":"<p>Propri\u00e9taire du site et \u00e9diteur Ce site internet est la propri\u00e9t\u00e9 de OCOVA AlpMedNet c\/o Semlore, Pr\u00e9longis, Les Orres 1650 05200 Les Orres. +33 (0)6 87 11 91 43 yann@ybsolution.com Cr\u00e9ation graphique La cr\u00e9ation graphique a \u00e9t\u00e9 r\u00e9alis\u00e9e par l&#8217;agence Web Senso sur base des \u00e9l\u00e9ments de la charte graphique de l&#8217;OCOVA AlpMedNet. D\u00e9veloppement technique [&hellip;]<\/p>\n","protected":false},"author":6,"featured_media":0,"parent":0,"menu_order":0,"comment_status":"closed","ping_status":"closed","template":"","meta":{"_et_pb_use_builder":"","_et_pb_old_content":"","_et_gb_content_width":"","footnotes":""},"class_list":["post-4362","page","type-page","status-publish","hentry"],"yoast_head":"<!-- This site is optimized with the Yoast SEO plugin v27.0 - https:\/\/yoast.com\/product\/yoast-seo-wordpress\/ -->\n<title>Credits - Forum OCOVA<\/title>\n<meta name=\"robots\" content=\"index, follow, max-snippet:-1, max-image-preview:large, max-video-preview:-1\" \/>\n<link rel=\"canonical\" href=\"https:\/\/www.ocova.eu\/en\/credits\/\" \/>\n<meta property=\"og:locale\" content=\"en_US\" \/>\n<meta property=\"og:type\" content=\"article\" \/>\n<meta property=\"og:title\" content=\"Credits - Forum OCOVA\" \/>\n<meta property=\"og:description\" content=\"Propri\u00e9taire du site et \u00e9diteur Ce site internet est la propri\u00e9t\u00e9 de OCOVA AlpMedNet c\/o Semlore, Pr\u00e9longis, Les Orres 1650 05200 Les Orres. +33 (0)6 87 11 91 43 yann@ybsolution.com Cr\u00e9ation graphique La cr\u00e9ation graphique a \u00e9t\u00e9 r\u00e9alis\u00e9e par l&#8217;agence Web Senso sur base des \u00e9l\u00e9ments de la charte graphique de l&#8217;OCOVA AlpMedNet. D\u00e9veloppement technique [&hellip;]\" \/>\n<meta property=\"og:url\" content=\"https:\/\/www.ocova.eu\/en\/credits\/\" \/>\n<meta property=\"og:site_name\" content=\"Forum OCOVA\" \/>\n<meta property=\"article:modified_time\" content=\"2019-12-19T10:26:09+00:00\" \/>\n<meta property=\"og:image\" content=\"https:\/\/s.w.org\/images\/core\/emoji\/11\/svg\/1f642.svg\" \/>\n<meta name=\"twitter:card\" content=\"summary_large_image\" \/>\n<meta name=\"twitter:label1\" content=\"Est. reading time\" \/>\n\t<meta name=\"twitter:data1\" content=\"2 minutes\" \/>\n<script type=\"application\/ld+json\" class=\"yoast-schema-graph\">{\"@context\":\"https:\/\/schema.org\",\"@graph\":[{\"@type\":\"WebPage\",\"@id\":\"https:\/\/www.ocova.eu\/en\/credits\/\",\"url\":\"https:\/\/www.ocova.eu\/en\/credits\/\",\"name\":\"Credits - Forum OCOVA\",\"isPartOf\":{\"@id\":\"https:\/\/www.ocova.eu\/#website\"},\"primaryImageOfPage\":{\"@id\":\"https:\/\/www.ocova.eu\/en\/credits\/#primaryimage\"},\"image\":{\"@id\":\"https:\/\/www.ocova.eu\/en\/credits\/#primaryimage\"},\"thumbnailUrl\":\"https:\/\/s.w.org\/images\/core\/emoji\/11\/svg\/1f642.svg\",\"datePublished\":\"2019-12-11T11:13:08+00:00\",\"dateModified\":\"2019-12-19T10:26:09+00:00\",\"breadcrumb\":{\"@id\":\"https:\/\/www.ocova.eu\/en\/credits\/#breadcrumb\"},\"inLanguage\":\"en-US\",\"potentialAction\":[{\"@type\":\"ReadAction\",\"target\":[\"https:\/\/www.ocova.eu\/en\/credits\/\"]}]},{\"@type\":\"ImageObject\",\"inLanguage\":\"en-US\",\"@id\":\"https:\/\/www.ocova.eu\/en\/credits\/#primaryimage\",\"url\":\"https:\/\/s.w.org\/images\/core\/emoji\/11\/svg\/1f642.svg\",\"contentUrl\":\"https:\/\/s.w.org\/images\/core\/emoji\/11\/svg\/1f642.svg\"},{\"@type\":\"BreadcrumbList\",\"@id\":\"https:\/\/www.ocova.eu\/en\/credits\/#breadcrumb\",\"itemListElement\":[{\"@type\":\"ListItem\",\"position\":1,\"name\":\"Accueil\",\"item\":\"https:\/\/www.ocova.eu\/en\/\"},{\"@type\":\"ListItem\",\"position\":2,\"name\":\"Credits\"}]},{\"@type\":\"WebSite\",\"@id\":\"https:\/\/www.ocova.eu\/#website\",\"url\":\"https:\/\/www.ocova.eu\/\",\"name\":\"Forum OCOVA\",\"description\":\"Smart Mountain for tomorrow\",\"potentialAction\":[{\"@type\":\"SearchAction\",\"target\":{\"@type\":\"EntryPoint\",\"urlTemplate\":\"https:\/\/www.ocova.eu\/?s={search_term_string}\"},\"query-input\":{\"@type\":\"PropertyValueSpecification\",\"valueRequired\":true,\"valueName\":\"search_term_string\"}}],\"inLanguage\":\"en-US\"}]}<\/script>\n<!-- \/ Yoast SEO plugin. -->","yoast_head_json":{"title":"Credits - Forum OCOVA","robots":{"index":"index","follow":"follow","max-snippet":"max-snippet:-1","max-image-preview":"max-image-preview:large","max-video-preview":"max-video-preview:-1"},"canonical":"https:\/\/www.ocova.eu\/en\/credits\/","og_locale":"en_US","og_type":"article","og_title":"Credits - Forum OCOVA","og_description":"Propri\u00e9taire du site et \u00e9diteur Ce site internet est la propri\u00e9t\u00e9 de OCOVA AlpMedNet c\/o Semlore, Pr\u00e9longis, Les Orres 1650 05200 Les Orres. +33 (0)6 87 11 91 43 yann@ybsolution.com Cr\u00e9ation graphique La cr\u00e9ation graphique a \u00e9t\u00e9 r\u00e9alis\u00e9e par l&#8217;agence Web Senso sur base des \u00e9l\u00e9ments de la charte graphique de l&#8217;OCOVA AlpMedNet. D\u00e9veloppement technique [&hellip;]","og_url":"https:\/\/www.ocova.eu\/en\/credits\/","og_site_name":"Forum OCOVA","article_modified_time":"2019-12-19T10:26:09+00:00","og_image":[{"url":"https:\/\/s.w.org\/images\/core\/emoji\/11\/svg\/1f642.svg","type":"","width":"","height":""}],"twitter_card":"summary_large_image","twitter_misc":{"Est. reading time":"2 minutes"},"schema":{"@context":"https:\/\/schema.org","@graph":[{"@type":"WebPage","@id":"https:\/\/www.ocova.eu\/en\/credits\/","url":"https:\/\/www.ocova.eu\/en\/credits\/","name":"Credits - Forum OCOVA","isPartOf":{"@id":"https:\/\/www.ocova.eu\/#website"},"primaryImageOfPage":{"@id":"https:\/\/www.ocova.eu\/en\/credits\/#primaryimage"},"image":{"@id":"https:\/\/www.ocova.eu\/en\/credits\/#primaryimage"},"thumbnailUrl":"https:\/\/s.w.org\/images\/core\/emoji\/11\/svg\/1f642.svg","datePublished":"2019-12-11T11:13:08+00:00","dateModified":"2019-12-19T10:26:09+00:00","breadcrumb":{"@id":"https:\/\/www.ocova.eu\/en\/credits\/#breadcrumb"},"inLanguage":"en-US","potentialAction":[{"@type":"ReadAction","target":["https:\/\/www.ocova.eu\/en\/credits\/"]}]},{"@type":"ImageObject","inLanguage":"en-US","@id":"https:\/\/www.ocova.eu\/en\/credits\/#primaryimage","url":"https:\/\/s.w.org\/images\/core\/emoji\/11\/svg\/1f642.svg","contentUrl":"https:\/\/s.w.org\/images\/core\/emoji\/11\/svg\/1f642.svg"},{"@type":"BreadcrumbList","@id":"https:\/\/www.ocova.eu\/en\/credits\/#breadcrumb","itemListElement":[{"@type":"ListItem","position":1,"name":"Accueil","item":"https:\/\/www.ocova.eu\/en\/"},{"@type":"ListItem","position":2,"name":"Credits"}]},{"@type":"WebSite","@id":"https:\/\/www.ocova.eu\/#website","url":"https:\/\/www.ocova.eu\/","name":"Forum OCOVA","description":"Smart Mountain for tomorrow","potentialAction":[{"@type":"SearchAction","target":{"@type":"EntryPoint","urlTemplate":"https:\/\/www.ocova.eu\/?s={search_term_string}"},"query-input":{"@type":"PropertyValueSpecification","valueRequired":true,"valueName":"search_term_string"}}],"inLanguage":"en-US"}]}},"_links":{"self":[{"href":"https:\/\/www.ocova.eu\/en\/wp-json\/wp\/v2\/pages\/4362","targetHints":{"allow":["GET"]}}],"collection":[{"href":"https:\/\/www.ocova.eu\/en\/wp-json\/wp\/v2\/pages"}],"about":[{"href":"https:\/\/www.ocova.eu\/en\/wp-json\/wp\/v2\/types\/page"}],"author":[{"embeddable":true,"href":"https:\/\/www.ocova.eu\/en\/wp-json\/wp\/v2\/users\/6"}],"replies":[{"embeddable":true,"href":"https:\/\/www.ocova.eu\/en\/wp-json\/wp\/v2\/comments?post=4362"}],"version-history":[{"count":3,"href":"https:\/\/www.ocova.eu\/en\/wp-json\/wp\/v2\/pages\/4362\/revisions"}],"predecessor-version":[{"id":4371,"href":"https:\/\/www.ocova.eu\/en\/wp-json\/wp\/v2\/pages\/4362\/revisions\/4371"}],"wp:attachment":[{"href":"https:\/\/www.ocova.eu\/en\/wp-json\/wp\/v2\/media?parent=4362"}],"curies":[{"name":"wp","href":"https:\/\/api.w.org\/{rel}","templated":true}]}}